{"id":9,"date":"2015-11-14T10:59:24","date_gmt":"2015-11-14T10:59:24","guid":{"rendered":"http:\/\/avada.theme-fusion.com\/photography\/?page_id=9"},"modified":"2024-01-17T17:15:05","modified_gmt":"2024-01-17T16:15:05","slug":"bio","status":"publish","type":"page","link":"https:\/\/www.metelko.org\/MM\/bio\/","title":{"rendered":"Bio"},"content":{"rendered":"<p><div class=\"fusion-fullwidth fullwidth-box fusion-builder-row-1 nonhundred-percent-fullwidth non-hundred-percent-height-scrolling\" style=\"--awb-background-position:left top;--awb-border-sizes-top:0px;--awb-border-sizes-bottom:0px;--awb-border-sizes-left:0px;--awb-border-sizes-right:0px;--awb-border-radius-top-left:0px;--awb-border-radius-top-right:0px;--awb-border-radius-bottom-right:0px;--awb-border-radius-bottom-left:0px;--awb-padding-top:20px;--awb-padding-bottom:2.5%;--awb-flex-wrap:wrap;\" ><div class=\"fusion-builder-row fusion-row\"><div class=\"fusion-layout-column fusion_builder_column fusion-builder-column-0 fusion_builder_column_1_1 1_1 fusion-one-full fusion-column-first fusion-column-last\" style=\"--awb-padding-top:0%;--awb-padding-right:15%;--awb-padding-bottom:0%;--awb-padding-left:15%;--awb-bg-size:cover;\"><div class=\"fusion-column-wrapper fusion-flex-column-wrapper-legacy\"><div class=\"fusion-text fusion-text-1\"><h3 style=\"text-align: center;\">&#8222;ICH FINDE DIE RICHTIGEN WORTE, WENN ANDERE SCHON L\u00c4NGST SPRACHLOS SIND!&#8220;<\/h3>\n<\/div><div class=\"fusion-text fusion-text-2\"><p style=\"text-align: center;\">Seit etlichen Jahren stehe ich auf B\u00fchnen, in Stadien, in Studios und an anderen tollen Orten.<br \/>\nMeine treuen und verl\u00e4sslichen Begleiter &#8211; meine Stimme und mein Mikrofon.<\/p>\n<p style=\"text-align: center;\">Ich nehme Ihnen als Veranstalter und Gastgeber den Druck sowie die Verantwortung ab und f\u00fchre sicher, unterhaltsam, professionell und verst\u00e4ndlich durch das Programm. Mit meiner Begeisterungsf\u00e4higkeit, Sympathie, Ehrlichkeit, Wertsch\u00e4tzung und Authentizit\u00e4t bin ich Ihr Gesicht und Stimme Ihrer Veranstaltung.<\/p>\n<p style=\"text-align: center;\">Wenn gew\u00fcnscht unterhalte ich das Publikum und leite es souver\u00e4n durch ihren Event. So, dass Ihre Veranstaltung auch nachhaltig positv im Gespr\u00e4ch bleibt.<\/p>\n<\/div><div class=\"fusion-clearfix\"><\/div><\/div><\/div><\/div><\/div><div class=\"fusion-fullwidth fullwidth-box fusion-builder-row-2 nonhundred-percent-fullwidth non-hundred-percent-height-scrolling\" style=\"--awb-background-position:left top;--awb-border-sizes-top:0px;--awb-border-sizes-bottom:0px;--awb-border-sizes-left:0px;--awb-border-sizes-right:0px;--awb-border-radius-top-left:0px;--awb-border-radius-top-right:0px;--awb-border-radius-bottom-right:0px;--awb-border-radius-bottom-left:0px;--awb-padding-top:160px;--awb-padding-bottom:100px;--awb-background-color:#212326;--awb-flex-wrap:wrap;\" ><div class=\"fusion-builder-row fusion-row\"><div class=\"fusion-layout-column fusion_builder_column fusion-builder-column-1 fusion_builder_column_1_1 1_1 fusion-one-full fusion-column-first fusion-column-last\" style=\"--awb-bg-size:cover;--awb-margin-bottom:65px;\"><div class=\"fusion-column-wrapper fusion-flex-column-wrapper-legacy\"><div class=\"fusion-image-element in-legacy-container\" style=\"--awb-caption-title-font-family:var(--h2_typography-font-family);--awb-caption-title-font-weight:var(--h2_typography-font-weight);--awb-caption-title-font-style:var(--h2_typography-font-style);--awb-caption-title-size:var(--h2_typography-font-size);--awb-caption-title-transform:var(--h2_typography-text-transform);--awb-caption-title-line-height:var(--h2_typography-line-height);--awb-caption-title-letter-spacing:var(--h2_typography-letter-spacing);\"><span class=\" fusion-imageframe imageframe-none imageframe-1 hover-type-none\" style=\"border-radius:4px;\"><img decoding=\"async\" width=\"1200\" height=\"451\" title=\"bio_1200x451\" src=\"https:\/\/i0.wp.com\/www.metelko.org\/MM\/wp-content\/uploads\/2015\/11\/bio_1200x451.jpg?fit=1200%2C451&ssl=1\" data-orig-src=\"https:\/\/www.metelko.org\/MM\/wp-content\/uploads\/2015\/11\/bio_1200x451.jpg\" alt class=\"lazyload img-responsive wp-image-1296\" srcset=\"data:image\/svg+xml,%3Csvg%20xmlns%3D%27http%3A%2F%2Fwww.w3.org%2F2000%2Fsvg%27%20width%3D%271200%27%20height%3D%27451%27%20viewBox%3D%270%200%201200%20451%27%3E%3Crect%20width%3D%271200%27%20height%3D%27451%27%20fill-opacity%3D%220%22%2F%3E%3C%2Fsvg%3E\" data-srcset=\"https:\/\/i0.wp.com\/www.metelko.org\/MM\/wp-content\/uploads\/2015\/11\/bio_1200x451.jpg?resize=120%2C45&amp;ssl=1 120w, https:\/\/i0.wp.com\/www.metelko.org\/MM\/wp-content\/uploads\/2015\/11\/bio_1200x451.jpg?resize=200%2C75&amp;ssl=1 200w, https:\/\/i0.wp.com\/www.metelko.org\/MM\/wp-content\/uploads\/2015\/11\/bio_1200x451.jpg?resize=300%2C113&amp;ssl=1 300w, https:\/\/i0.wp.com\/www.metelko.org\/MM\/wp-content\/uploads\/2015\/11\/bio_1200x451.jpg?resize=400%2C150&amp;ssl=1 400w, https:\/\/i0.wp.com\/www.metelko.org\/MM\/wp-content\/uploads\/2015\/11\/bio_1200x451.jpg?resize=500%2C188&amp;ssl=1 500w, https:\/\/i0.wp.com\/www.metelko.org\/MM\/wp-content\/uploads\/2015\/11\/bio_1200x451.jpg?resize=600%2C226&amp;ssl=1 600w, https:\/\/i0.wp.com\/www.metelko.org\/MM\/wp-content\/uploads\/2015\/11\/bio_1200x451.jpg?resize=768%2C289&amp;ssl=1 768w, https:\/\/i0.wp.com\/www.metelko.org\/MM\/wp-content\/uploads\/2015\/11\/bio_1200x451.jpg?resize=800%2C301&amp;ssl=1 800w, https:\/\/i0.wp.com\/www.metelko.org\/MM\/wp-content\/uploads\/2015\/11\/bio_1200x451.jpg?resize=1024%2C385&amp;ssl=1 1024w, https:\/\/i0.wp.com\/www.metelko.org\/MM\/wp-content\/uploads\/2015\/11\/bio_1200x451.jpg?w=1200&amp;ssl=1 1200w\" data-sizes=\"auto\" data-orig-sizes=\"(max-width: 800px) 100vw, 1200px\" \/><\/span><\/div><div class=\"fusion-clearfix\"><\/div><\/div><\/div><div class=\"fusion-layout-column fusion_builder_column fusion-builder-column-2 fusion_builder_column_1_1 1_1 fusion-one-full fusion-column-first fusion-column-last\" style=\"--awb-padding-top:0%;--awb-padding-right:15%;--awb-padding-bottom:0%;--awb-padding-left:15%;--awb-bg-size:cover;\"><div class=\"fusion-column-wrapper fusion-flex-column-wrapper-legacy\"><div class=\"fusion-text fusion-text-3\"><h3 style=\"text-align: center;\"><span style=\"color: #ffffff;\">Moderator &#8211; Mensch &#8211; Mike Metelko<\/span><\/h3>\n<\/div><div class=\"fusion-clearfix\"><\/div><\/div><\/div><div class=\"fusion-layout-column fusion_builder_column fusion-builder-column-3 fusion_builder_column_1_3 1_3 fusion-one-third fusion-column-first\" style=\"--awb-bg-size:cover;width:30.6666%; margin-right: 4%;\"><div class=\"fusion-column-wrapper fusion-flex-column-wrapper-legacy\"><div class=\"fusion-sep-clear\"><\/div><div class=\"fusion-separator fusion-has-icon fusion-full-width-sep\" style=\"margin-left: auto;margin-right: auto;width:100%;\"><div class=\"fusion-separator-border sep-single sep-solid\" style=\"--awb-height:20px;--awb-amount:20px;border-color:#e0dede;border-top-width:1px;\"><\/div><span class=\"icon-wrapper\" style=\"border-color:#e0dede;background-color:rgba(255,255,255,0);font-size:15px;width: 1.75em; height: 1.75em;border-width:1px;padding:1px;margin-top:-0.5px\"><i class=\" fa fa-microphone\" style=\"font-size: inherit;color:#e0dede;\" aria-hidden=\"true\"><\/i><\/span><div class=\"fusion-separator-border sep-single sep-solid\" style=\"--awb-height:20px;--awb-amount:20px;border-color:#e0dede;border-top-width:1px;\"><\/div><\/div><div class=\"fusion-sep-clear\"><\/div><div class=\"fusion-clearfix\"><\/div><\/div><\/div><div class=\"fusion-layout-column fusion_builder_column fusion-builder-column-4 fusion_builder_column_1_3 1_3 fusion-one-third\" style=\"--awb-bg-size:cover;width:30.6666%; margin-right: 4%;\"><div class=\"fusion-column-wrapper fusion-flex-column-wrapper-legacy\"><div class=\"fusion-text fusion-text-4\"><p style=\"text-align: center;\"><span style=\"color: #ffffff;\">Geboren: 24. September 1976<\/span><\/p>\n<p style=\"text-align: center;\"><span style=\"color: #ffffff;\">Familienstand: verheiratet, 1 Sohn<\/span><\/p>\n<p style=\"text-align: center;\"><span style=\"color: #ffffff;\">Hobbies: Yoga, Motorrad fahren und umbauen, Segeln, Saxophon spielen, Kochen &amp; Grillen, soziale Engagements<\/span><\/p>\n<p style=\"text-align: center;\"><span style=\"color: #ffffff;\">Erfahrungen als: Live-Event-Moderator seit 2000, Radiomoderator, Eventmanager, Hochzeitsredner, Sprecher f\u00fcr Werbespots, Jingles und Webinare<\/span><\/p>\n<p style=\"text-align: center;\"><span style=\"color: #ffffff;\">Ausbildung: Stimm- und Pr\u00e4sentationstrainer, Bankkaufmann, Betriebswirt, Projektleiter, Software Consultant<\/span><\/p>\n<p style=\"text-align: center;\"><span style=\"color: #ffffff;\">Sprachen: Deutsch (Muttersprache), Englisch (fliessend)<\/span><\/p>\n<\/div><div class=\"fusion-clearfix\"><\/div><\/div><\/div><div class=\"fusion-layout-column fusion_builder_column fusion-builder-column-5 fusion_builder_column_1_3 1_3 fusion-one-third fusion-column-last\" style=\"--awb-bg-size:cover;width:30.6666%;\"><div class=\"fusion-column-wrapper fusion-flex-column-wrapper-legacy\"><div class=\"fusion-sep-clear\"><\/div><div class=\"fusion-separator fusion-has-icon fusion-full-width-sep\" style=\"margin-left: auto;margin-right: auto;width:100%;\"><div class=\"fusion-separator-border sep-single sep-solid\" style=\"--awb-height:20px;--awb-amount:20px;border-color:#e0dede;border-top-width:1px;\"><\/div><span class=\"icon-wrapper\" style=\"border-color:#e0dede;background-color:rgba(255,255,255,0);font-size:15px;width: 1.75em; height: 1.75em;border-width:1px;padding:1px;margin-top:-0.5px\"><i class=\" fa fa-microphone\" style=\"font-size: inherit;color:#e0dede;\" aria-hidden=\"true\"><\/i><\/span><div class=\"fusion-separator-border sep-single sep-solid\" style=\"--awb-height:20px;--awb-amount:20px;border-color:#e0dede;border-top-width:1px;\"><\/div><\/div><div class=\"fusion-sep-clear\"><\/div><div class=\"fusion-clearfix\"><\/div><\/div><\/div><\/div><\/div><div class=\"fusion-bg-parallax\" data-bg-align=\"center bottom\" data-direction=\"up\" data-mute=\"false\" data-opacity=\"100\" data-velocity=\"-0.4\" data-mobile-enabled=\"false\" data-break_parents=\"0\" data-bg-image=\"https:\/\/www.metelko.org\/MM\/wp-content\/uploads\/2015\/11\/concerts-1150042-e1489502000284.jpg\" data-bg-repeat=\"false\" ><\/div><div class=\"fusion-fullwidth fullwidth-box fusion-builder-row-3 fusion-parallax-up nonhundred-percent-fullwidth non-hundred-percent-height-scrolling lazyload\" style=\"--awb-background-position:center bottom;--awb-border-sizes-top:0px;--awb-border-sizes-bottom:0px;--awb-border-sizes-left:0px;--awb-border-sizes-right:0px;--awb-border-radius-top-left:0px;--awb-border-radius-top-right:0px;--awb-border-radius-bottom-right:0px;--awb-border-radius-bottom-left:0px;--awb-padding-top:180px;--awb-padding-bottom:150px;--awb-background-size:cover;--awb-flex-wrap:wrap;\" data-bg=\"https:\/\/www.metelko.org\/MM\/wp-content\/uploads\/2015\/11\/concerts-1150042-e1489502000284.jpg\" ><div class=\"fusion-builder-row fusion-row\"><div class=\"fusion-layout-column fusion_builder_column fusion-builder-column-6 fusion_builder_column_1_1 1_1 fusion-one-full fusion-column-first fusion-column-last\" style=\"--awb-padding-top:0%;--awb-padding-right:15%;--awb-padding-bottom:0%;--awb-padding-left:15%;--awb-bg-size:cover;\"><div class=\"fusion-column-wrapper fusion-flex-column-wrapper-legacy\"><div class=\"fusion-testimonials clean awb-speech-bubble-show fusion-testimonials-1\" style=\"--awb-textcolor:#dfdfdf;--awb-backgroundcolor:rgba(255,255,255,0);--awb-testimonial-border-style:solid;--awb-testimonial-border-color:var(--awb-color3);--awb-border-top-left-radius:0px;--awb-border-top-right-radius:0px;--awb-border-bottom-left-radius:0px;--awb-border-bottom-right-radius:0px;--testimonial-border-width-top:0px;--testimonial-border-width-right:0px;--testimonial-border-width-bottom:0px;--testimonial-border-width-left:0px;\" data-random=\"0\" data-speed=\"4000\"><div class=\"reviews\"><div class=\"review active-testimonial avatar-above no-avatar\"><blockquote class=\"testimonials-shortcode-blockquote\"><div class=\"awb-quote\"><div class=\"awb-quote-content\">&#8222;Power &#8211; Motivation &#8211; Verl\u00e4sslichkeit! Wenn Mike das Mikro in der Hand hat, dann hat er auch die Veranstaltung in der Hand. Tip-Top!&#8220;<\/div><\/div><\/blockquote><div class=\"author\"><span class=\"company-name\"><strong>SVEN BUCHHOLZ<\/strong><\/span><\/div><\/div><div class=\"review avatar-above no-avatar\"><blockquote class=\"testimonials-shortcode-blockquote\"><div class=\"awb-quote\"><div class=\"awb-quote-content\">&#8222;Unsere Firmengala wurde durch Mike so richtig aufgewertet. Man kann sich 100 % auf ihn verlassen und wird immer wieder positiv \u00fcberrascht.&#8220;<\/div><\/div><\/blockquote><div class=\"author\"><span class=\"company-name\"><strong>KATJA RHOMBERG<\/strong><\/span><\/div><\/div><div class=\"review avatar-above no-avatar\"><blockquote class=\"testimonials-shortcode-blockquote\"><div class=\"awb-quote\"><div class=\"awb-quote-content\">&#8222;Spontan eine Rede halten &#8211; treff- und stilsicher. Interviews mit VIP&#8217;s &#8211; unterhaltsam und professionell. Kurzfristige Programm\u00e4nderungen &#8211; kein Problem f\u00fcr Mike. Danke und jederzeit immer wieder gerne!&#8220;<\/div><\/div><\/blockquote><div class=\"author\"><span class=\"company-name\"><strong>GABI MICHELUZZI<\/strong><\/span><\/div><\/div><\/div><div class=\"testimonial-pagination\" id=\"fusion-testimonials-1\"><a href=\"#\" aria-label=\"Testimonial Pagination\"  class=\"activeSlide\"><\/a><a href=\"#\" aria-label=\"Testimonial Pagination\" ><\/a><a href=\"#\" aria-label=\"Testimonial Pagination\" ><\/a><\/div><\/div><div class=\"fusion-clearfix\"><\/div><\/div><\/div><\/div><\/div><\/p>\n","protected":false},"excerpt":{"rendered":"","protected":false},"author":1,"featured_media":0,"parent":0,"menu_order":0,"comment_status":"closed","ping_status":"closed","template":"100-width.php","meta":{"footnotes":""},"class_list":["post-9","page","type-page","status-publish","hentry"],"yoast_head":"<!-- This site is optimized with the Yoast SEO plugin v27.4 - https:\/\/yoast.com\/product\/yoast-seo-wordpress\/ -->\n<title>Bio - Mike Metelko<\/title>\n<meta name=\"robots\" content=\"index, follow, max-snippet:-1, max-image-preview:large, max-video-preview:-1\" \/>\n<link rel=\"canonical\" href=\"https:\/\/www.metelko.org\/MM\/bio\/\" \/>\n<meta property=\"og:locale\" content=\"de_DE\" \/>\n<meta property=\"og:type\" content=\"article\" \/>\n<meta property=\"og:title\" content=\"Bio - Mike Metelko\" \/>\n<meta property=\"og:url\" content=\"https:\/\/www.metelko.org\/MM\/bio\/\" \/>\n<meta property=\"og:site_name\" content=\"Mike Metelko\" \/>\n<meta property=\"article:publisher\" content=\"https:\/\/www.facebook.com\/MetelkoMike\/\" \/>\n<meta property=\"article:modified_time\" content=\"2024-01-17T16:15:05+00:00\" \/>\n<meta property=\"og:image\" content=\"https:\/\/www.metelko.org\/MM\/wp-content\/uploads\/2015\/11\/bio_1200x451.jpg\" \/>\n<meta name=\"twitter:card\" content=\"summary_large_image\" \/>\n<meta name=\"twitter:label1\" content=\"Gesch\u00e4tzte Lesezeit\" \/>\n\t<meta name=\"twitter:data1\" content=\"2\u00a0Minuten\" \/>\n<script type=\"application\/ld+json\" class=\"yoast-schema-graph\">{\"@context\":\"https:\\\/\\\/schema.org\",\"@graph\":[{\"@type\":\"WebPage\",\"@id\":\"https:\\\/\\\/www.metelko.org\\\/MM\\\/bio\\\/\",\"url\":\"https:\\\/\\\/www.metelko.org\\\/MM\\\/bio\\\/\",\"name\":\"Bio - Mike Metelko\",\"isPartOf\":{\"@id\":\"https:\\\/\\\/www.metelko.org\\\/MM\\\/#website\"},\"primaryImageOfPage\":{\"@id\":\"https:\\\/\\\/www.metelko.org\\\/MM\\\/bio\\\/#primaryimage\"},\"image\":{\"@id\":\"https:\\\/\\\/www.metelko.org\\\/MM\\\/bio\\\/#primaryimage\"},\"thumbnailUrl\":\"https:\\\/\\\/www.metelko.org\\\/MM\\\/wp-content\\\/uploads\\\/2015\\\/11\\\/bio_1200x451.jpg\",\"datePublished\":\"2015-11-14T10:59:24+00:00\",\"dateModified\":\"2024-01-17T16:15:05+00:00\",\"breadcrumb\":{\"@id\":\"https:\\\/\\\/www.metelko.org\\\/MM\\\/bio\\\/#breadcrumb\"},\"inLanguage\":\"de\",\"potentialAction\":[{\"@type\":\"ReadAction\",\"target\":[\"https:\\\/\\\/www.metelko.org\\\/MM\\\/bio\\\/\"]}]},{\"@type\":\"ImageObject\",\"inLanguage\":\"de\",\"@id\":\"https:\\\/\\\/www.metelko.org\\\/MM\\\/bio\\\/#primaryimage\",\"url\":\"https:\\\/\\\/i0.wp.com\\\/www.metelko.org\\\/MM\\\/wp-content\\\/uploads\\\/2015\\\/11\\\/bio_1200x451.jpg?fit=1200%2C451&ssl=1\",\"contentUrl\":\"https:\\\/\\\/i0.wp.com\\\/www.metelko.org\\\/MM\\\/wp-content\\\/uploads\\\/2015\\\/11\\\/bio_1200x451.jpg?fit=1200%2C451&ssl=1\",\"width\":1200,\"height\":451},{\"@type\":\"BreadcrumbList\",\"@id\":\"https:\\\/\\\/www.metelko.org\\\/MM\\\/bio\\\/#breadcrumb\",\"itemListElement\":[{\"@type\":\"ListItem\",\"position\":1,\"name\":\"Startseite\",\"item\":\"https:\\\/\\\/www.metelko.org\\\/MM\\\/\"},{\"@type\":\"ListItem\",\"position\":2,\"name\":\"Bio\"}]},{\"@type\":\"WebSite\",\"@id\":\"https:\\\/\\\/www.metelko.org\\\/MM\\\/#website\",\"url\":\"https:\\\/\\\/www.metelko.org\\\/MM\\\/\",\"name\":\"Mike Metelko\",\"description\":\"Moderator - Speaker - Presenter\",\"publisher\":{\"@id\":\"https:\\\/\\\/www.metelko.org\\\/MM\\\/#organization\"},\"potentialAction\":[{\"@type\":\"SearchAction\",\"target\":{\"@type\":\"EntryPoint\",\"urlTemplate\":\"https:\\\/\\\/www.metelko.org\\\/MM\\\/?s={search_term_string}\"},\"query-input\":{\"@type\":\"PropertyValueSpecification\",\"valueRequired\":true,\"valueName\":\"search_term_string\"}}],\"inLanguage\":\"de\"},{\"@type\":\"Organization\",\"@id\":\"https:\\\/\\\/www.metelko.org\\\/MM\\\/#organization\",\"name\":\"Mike Metelko\",\"url\":\"https:\\\/\\\/www.metelko.org\\\/MM\\\/\",\"logo\":{\"@type\":\"ImageObject\",\"inLanguage\":\"de\",\"@id\":\"https:\\\/\\\/www.metelko.org\\\/MM\\\/#\\\/schema\\\/logo\\\/image\\\/\",\"url\":\"https:\\\/\\\/i0.wp.com\\\/www.metelko.org\\\/MM\\\/wp-content\\\/uploads\\\/2018\\\/03\\\/Mike-Metelko-1002.jpg?fit=2000%2C1280&ssl=1\",\"contentUrl\":\"https:\\\/\\\/i0.wp.com\\\/www.metelko.org\\\/MM\\\/wp-content\\\/uploads\\\/2018\\\/03\\\/Mike-Metelko-1002.jpg?fit=2000%2C1280&ssl=1\",\"width\":2000,\"height\":1280,\"caption\":\"Mike Metelko\"},\"image\":{\"@id\":\"https:\\\/\\\/www.metelko.org\\\/MM\\\/#\\\/schema\\\/logo\\\/image\\\/\"},\"sameAs\":[\"https:\\\/\\\/www.facebook.com\\\/MetelkoMike\\\/\",\"https:\\\/\\\/www.instagram.com\\\/mikemetelko\\\/\"]}]}<\/script>\n<!-- \/ Yoast SEO plugin. -->","yoast_head_json":{"title":"Bio - Mike Metelko","robots":{"index":"index","follow":"follow","max-snippet":"max-snippet:-1","max-image-preview":"max-image-preview:large","max-video-preview":"max-video-preview:-1"},"canonical":"https:\/\/www.metelko.org\/MM\/bio\/","og_locale":"de_DE","og_type":"article","og_title":"Bio - Mike Metelko","og_url":"https:\/\/www.metelko.org\/MM\/bio\/","og_site_name":"Mike Metelko","article_publisher":"https:\/\/www.facebook.com\/MetelkoMike\/","article_modified_time":"2024-01-17T16:15:05+00:00","og_image":[{"url":"https:\/\/www.metelko.org\/MM\/wp-content\/uploads\/2015\/11\/bio_1200x451.jpg","type":"","width":"","height":""}],"twitter_card":"summary_large_image","twitter_misc":{"Gesch\u00e4tzte Lesezeit":"2\u00a0Minuten"},"schema":{"@context":"https:\/\/schema.org","@graph":[{"@type":"WebPage","@id":"https:\/\/www.metelko.org\/MM\/bio\/","url":"https:\/\/www.metelko.org\/MM\/bio\/","name":"Bio - Mike Metelko","isPartOf":{"@id":"https:\/\/www.metelko.org\/MM\/#website"},"primaryImageOfPage":{"@id":"https:\/\/www.metelko.org\/MM\/bio\/#primaryimage"},"image":{"@id":"https:\/\/www.metelko.org\/MM\/bio\/#primaryimage"},"thumbnailUrl":"https:\/\/www.metelko.org\/MM\/wp-content\/uploads\/2015\/11\/bio_1200x451.jpg","datePublished":"2015-11-14T10:59:24+00:00","dateModified":"2024-01-17T16:15:05+00:00","breadcrumb":{"@id":"https:\/\/www.metelko.org\/MM\/bio\/#breadcrumb"},"inLanguage":"de","potentialAction":[{"@type":"ReadAction","target":["https:\/\/www.metelko.org\/MM\/bio\/"]}]},{"@type":"ImageObject","inLanguage":"de","@id":"https:\/\/www.metelko.org\/MM\/bio\/#primaryimage","url":"https:\/\/i0.wp.com\/www.metelko.org\/MM\/wp-content\/uploads\/2015\/11\/bio_1200x451.jpg?fit=1200%2C451&ssl=1","contentUrl":"https:\/\/i0.wp.com\/www.metelko.org\/MM\/wp-content\/uploads\/2015\/11\/bio_1200x451.jpg?fit=1200%2C451&ssl=1","width":1200,"height":451},{"@type":"BreadcrumbList","@id":"https:\/\/www.metelko.org\/MM\/bio\/#breadcrumb","itemListElement":[{"@type":"ListItem","position":1,"name":"Startseite","item":"https:\/\/www.metelko.org\/MM\/"},{"@type":"ListItem","position":2,"name":"Bio"}]},{"@type":"WebSite","@id":"https:\/\/www.metelko.org\/MM\/#website","url":"https:\/\/www.metelko.org\/MM\/","name":"Mike Metelko","description":"Moderator - Speaker - Presenter","publisher":{"@id":"https:\/\/www.metelko.org\/MM\/#organization"},"potentialAction":[{"@type":"SearchAction","target":{"@type":"EntryPoint","urlTemplate":"https:\/\/www.metelko.org\/MM\/?s={search_term_string}"},"query-input":{"@type":"PropertyValueSpecification","valueRequired":true,"valueName":"search_term_string"}}],"inLanguage":"de"},{"@type":"Organization","@id":"https:\/\/www.metelko.org\/MM\/#organization","name":"Mike Metelko","url":"https:\/\/www.metelko.org\/MM\/","logo":{"@type":"ImageObject","inLanguage":"de","@id":"https:\/\/www.metelko.org\/MM\/#\/schema\/logo\/image\/","url":"https:\/\/i0.wp.com\/www.metelko.org\/MM\/wp-content\/uploads\/2018\/03\/Mike-Metelko-1002.jpg?fit=2000%2C1280&ssl=1","contentUrl":"https:\/\/i0.wp.com\/www.metelko.org\/MM\/wp-content\/uploads\/2018\/03\/Mike-Metelko-1002.jpg?fit=2000%2C1280&ssl=1","width":2000,"height":1280,"caption":"Mike Metelko"},"image":{"@id":"https:\/\/www.metelko.org\/MM\/#\/schema\/logo\/image\/"},"sameAs":["https:\/\/www.facebook.com\/MetelkoMike\/","https:\/\/www.instagram.com\/mikemetelko\/"]}]}},"jetpack_sharing_enabled":true,"jetpack_shortlink":"https:\/\/wp.me\/P7ZNi0-9","_links":{"self":[{"href":"https:\/\/www.metelko.org\/MM\/wp-json\/wp\/v2\/pages\/9","targetHints":{"allow":["GET"]}}],"collection":[{"href":"https:\/\/www.metelko.org\/MM\/wp-json\/wp\/v2\/pages"}],"about":[{"href":"https:\/\/www.metelko.org\/MM\/wp-json\/wp\/v2\/types\/page"}],"author":[{"embeddable":true,"href":"https:\/\/www.metelko.org\/MM\/wp-json\/wp\/v2\/users\/1"}],"replies":[{"embeddable":true,"href":"https:\/\/www.metelko.org\/MM\/wp-json\/wp\/v2\/comments?post=9"}],"version-history":[{"count":6,"href":"https:\/\/www.metelko.org\/MM\/wp-json\/wp\/v2\/pages\/9\/revisions"}],"predecessor-version":[{"id":1790,"href":"https:\/\/www.metelko.org\/MM\/wp-json\/wp\/v2\/pages\/9\/revisions\/1790"}],"wp:attachment":[{"href":"https:\/\/www.metelko.org\/MM\/wp-json\/wp\/v2\/media?parent=9"}],"curies":[{"name":"wp","href":"https:\/\/api.w.org\/{rel}","templated":true}]}}