{"id":645,"date":"2015-07-01T01:47:46","date_gmt":"2015-07-01T01:47:46","guid":{"rendered":"http:\/\/avada.theme-fusion.com\/architecture\/?page_id=645"},"modified":"2025-03-24T14:33:04","modified_gmt":"2025-03-24T13:33:04","slug":"referenzen","status":"publish","type":"page","link":"https:\/\/www.metelko.org\/MM\/referenzen\/","title":{"rendered":"Referenzen"},"content":{"rendered":"<p><div class=\"fusion-bg-parallax\" data-bg-align=\"left center\" data-direction=\"up\" data-mute=\"false\" data-opacity=\"100\" data-velocity=\"-0.3\" data-mobile-enabled=\"false\" data-break_parents=\"0\" data-bg-image=\"https:\/\/www.metelko.org\/MM\/wp-content\/uploads\/2015\/07\/Referenzen_1950x1200-1.jpg\" data-bg-repeat=\"false\" ><\/div><div class=\"fusion-fullwidth fullwidth-box fusion-builder-row-1 fusion-parallax-up nonhundred-percent-fullwidth non-hundred-percent-height-scrolling lazyload\" style=\"--awb-background-position:left center;--awb-border-sizes-top:0px;--awb-border-sizes-bottom:0px;--awb-border-sizes-left:0px;--awb-border-sizes-right:0px;--awb-border-radius-top-left:0px;--awb-border-radius-top-right:0px;--awb-border-radius-bottom-right:0px;--awb-border-radius-bottom-left:0px;--awb-padding-top:130px;--awb-padding-bottom:120px;--awb-background-size:cover;--awb-flex-wrap:wrap;\" data-bg=\"https:\/\/www.metelko.org\/MM\/wp-content\/uploads\/2015\/07\/Referenzen_1950x1200-1.jpg\" ><div class=\"fusion-builder-row fusion-row\"><div class=\"fusion-layout-column fusion_builder_column fusion-builder-column-0 fusion_builder_column_2_3 2_3 fusion-two-third fusion-column-first\" style=\"--awb-bg-size:cover;width:65.3333%; margin-right: 4%;\"><div class=\"fusion-column-wrapper fusion-flex-column-wrapper-legacy\"><div class=\"fusion-text fusion-text-1\"><h2><span style=\"color: #ffffff;\">REFERENZEN &#8211; FEEDBACK<\/span><\/h2>\n<p><span style=\"color: #ffffff;\">Mein pers\u00f6nliches Ziel ist es, dass Sie sich als Veranstalter auf Ihre Gastgeberrolle konzentrieren k\u00f6nnen.<br \/>\nEin Moderator ist bei einer Veranstaltung ein wichtiges Element. Nichts ist schlimmer als Chaos &#8211; wenn niemand wei\u00df, was passiert oder wie es weiter geht. Ich f\u00fchre nicht nur Ihr Publikum durch Ihren Event sondern verspreche Ihnen f\u00fcr Ihre Veranstaltung ein sicheres Gef\u00fchl.<br \/>\nIch \u00fcbernehme gerne die Verantwortung daf\u00fcr.<\/span><\/p>\n<\/div><div class=\"fusion-clearfix\"><\/div><\/div><\/div><div class=\"fusion-layout-column fusion_builder_column fusion-builder-column-1 fusion_builder_column_1_2 1_2 fusion-one-half fusion-column-last\" style=\"--awb-bg-size:cover;width:48%;\"><div class=\"fusion-column-wrapper fusion-flex-column-wrapper-legacy\"><div class=\"fusion-sep-clear\"><\/div><div class=\"fusion-separator fusion-full-width-sep\" style=\"margin-left: auto;margin-right: auto;margin-top:20px;width:100%;\"><\/div><div class=\"fusion-sep-clear\"><\/div><div class=\"fusion-button-wrapper\"><a class=\"fusion-button button-flat button-xlarge button-lightgray fusion-button-lightgray button-1 fusion-button-default-span fusion-button-default-type\" target=\"_self\" href=\"https:\/\/www.metelko.org\/MM\/booking\/\"><span class=\"fusion-button-text awb-button__text awb-button__text--default\">KONTAKTIEREN SIE MICH GERNE<\/span><\/a><\/div><div class=\"fusion-clearfix\"><\/div><\/div><\/div><div class=\"fusion-layout-column fusion_builder_column fusion-builder-column-2 fusion_builder_column_1_2 1_2 fusion-one-half fusion-column-first\" style=\"--awb-bg-size:cover;width:48%; margin-right: 4%;\"><div class=\"fusion-column-wrapper fusion-flex-column-wrapper-legacy\"><div class=\"fusion-clearfix\"><\/div><\/div><\/div><\/div><\/div><div class=\"fusion-fullwidth fullwidth-box fusion-builder-row-2 nonhundred-percent-fullwidth non-hundred-percent-height-scrolling\" style=\"--awb-background-position:left top;--awb-border-sizes-top:0px;--awb-border-sizes-bottom:0px;--awb-border-sizes-left:0px;--awb-border-sizes-right:0px;--awb-border-radius-top-left:0px;--awb-border-radius-top-right:0px;--awb-border-radius-bottom-right:0px;--awb-border-radius-bottom-left:0px;--awb-padding-top:130px;--awb-padding-bottom:130px;--awb-flex-wrap:wrap;\" ><div class=\"fusion-builder-row fusion-row\"><div class=\"fusion-layout-column fusion_builder_column fusion-builder-column-3 fusion_builder_column_1_1 1_1 fusion-one-full fusion-column-first fusion-column-last\" style=\"--awb-bg-size:cover;\"><div class=\"fusion-column-wrapper fusion-flex-column-wrapper-legacy\"><div class=\"fusion-text fusion-text-2\"><h2>SPUREN HINTERLASSEN<\/h2>\n<\/div><div class=\"fusion-sep-clear\"><\/div><div class=\"fusion-separator fusion-clearfix\" style=\"float:left;margin-top:0px;margin-bottom:35px;width:100%;max-width:170px;\"><div class=\"fusion-separator-border sep-single sep-solid\" style=\"--awb-height:20px;--awb-amount:20px;--awb-sep-color:#e2e3e8;border-color:#e2e3e8;border-top-width:3px;\"><\/div><\/div><div class=\"fusion-sep-clear\"><\/div><div class=\"fusion-text fusion-text-3\"><h3><em>Einen Auftrag zu einer Moderation sehe ich nicht als Arbeit. Nein! Ich stecke mein ganzes Herzblut in diese verantwortungsvolle Aufgabe.<br \/>\n<\/em><\/h3>\n<\/div><div class=\"fusion-text fusion-text-4\"><h2><\/h2>\n<p>Ich werde sehr oft gefragt, welche Art von Veranstaltung mir mehr Spa\u00df macht und wo ich mich wohler f\u00fchle oder was mir besser liegt. Die Antwort ist recht einfach:<\/p>\n<p>Jede Veranstaltung ist eine bew\u00e4ltigbare Herausforderung. Ich bereite mich auf jeden Event vor. Ich m\u00f6chte vom Veranstalter \u00fcber den Inhalt, das Publikum und das Ziel informiert werden. Welche Showacts, Redner, \u00dcberraschungen sind geplant. Wird eine bestimmte Dramaturgie gefordert. Egal ob Gross- oder Kleinveranstaltung, egal ob Gala oder Sportevent, egal ob vor 10 oder 70.000 Menschen. Jede Moderation wird auf die Veranstaltung individuell abgestimmt.<\/p>\n<p>Ob ich das kann, fragen Sie sich vielleicht jetzt. Und die Antwort ist klar: <strong>&#8222;JA, das kann ich!&#8220;<\/strong><\/p>\n<\/div><div class=\"fusion-clearfix\"><\/div><\/div><\/div><div class=\"fusion-layout-column fusion_builder_column fusion-builder-column-4 fusion_builder_column_1_1 1_1 fusion-one-full fusion-column-first fusion-column-last fusion-column-no-min-height\" style=\"--awb-bg-size:cover;--awb-margin-bottom:0px;\"><div class=\"fusion-column-wrapper fusion-flex-column-wrapper-legacy\"><div class=\"fusion-reading-box-container reading-box-container-1 fusion-animated\" style=\"--awb-title-color:#242930;--awb-margin-top:0px;--awb-margin-bottom:84px;\" data-animationType=\"rubberBand\" data-animationDuration=\"0.1\" data-animationOffset=\"top-into-view\"><div class=\"reading-box\" style=\"background-color:#f6f6f6;border-width:1px;border-color:#f6f6f6;border-style:solid;\"><h2>Referenzen<\/h2><div class=\"reading-box-description fusion-reading-box-additional\">(kleiner Auszug meiner Vergangenheit)<\/div><div class=\"reading-box-additional\">\n<p>Gildenball<br \/>\nAntenne Vorarlberg<br \/>\nRaiffeisen Triathlon Bregenz<br \/>\nBBQ-Day<br \/>\nSch\u00fctzenverein Gem\u00fctlichkeit Mertingen<br \/>\nB\u00fcrgermusik G\u00f6tzis 1824<br \/>\nMohrenbrauerei<br \/>\nLandesfeuerwehrverband Vorarlberg<br \/>\nHerzlauf (Vorarlberg, Tirol, \u2026)<br \/>\nEr\u00f6ffnungsfeier Dornbirner Herbstmesse<br \/>\nEuropean Masters of Dance<br \/>\nSwim&amp;Run Aquathlon, Bregenz<br \/>\nJannersee Triathlon, Lauterach<br \/>\n\u00d6sterreichische Meisterschaft im Video-Clip-Dancing<br \/>\nDiv. Firmengalas<br \/>\nGildenball der Bregenzer Faschingsgesellschaft<br \/>\nMesse Dornbirn (SCHAU!, Herbstmesse, Gustav)<br \/>\nChef&#8217;s Tables<br \/>\nGala Sportlerehrung<br \/>\nDiv. Modeschauen<br \/>\nBregenz Handball<br \/>\nHandballclub Hohenems<br \/>\nMuttersberglauf<br \/>\nInterspar<br \/>\nFohrenburg Bier<br \/>\nSparkasse 3-L\u00e4nder-Marathon<br \/>\nMcDonalds Kids-Run<br \/>\nPower of Dance &#8211; Verein Terpsichore<br \/>\nSwiss Beachvolleyball Tour<br \/>\nHallenradsport WM<br \/>\nStadt Bregenz<br \/>\nStadt Dornbirn<br \/>\nEuropean Team Cup<br \/>\nDiv. Vernissagen<br \/>\nDiabolo Race, Golm<br \/>\nMilka<br \/>\nUEFA Euro2008 &#8211; Coca-Cola Fantour<br \/>\nDer Weisse Rausch<br \/>\nSlackline Contest<br \/>\nJakobilauf<br \/>\nOre-Ore Kinderfasching<br \/>\nSki Opening, St. Anton<br \/>\nBerglaufmasters<br \/>\nFit f\u00fcr Bludenz<br \/>\nCocolori &#8211; Er\u00f6ffnung div. Weihnachtsausstellungen<br \/>\nVolksbank Vorarlberger Radtage<br \/>\n\u00d6sterr. Tchibo-Cup Radkriterium<br \/>\nDiv. Pressekonferenzen<br \/>\nInternationaler Kunstradcup<br \/>\nStaatsmeisterschaften Kunstrad und Radball<br \/>\nHandball Cup \u00d6sterreich<br \/>\nAbschiedsgala Anita K\u00e4lin (Spitzensportlerin)<br \/>\nu.v.m.<\/p>\n<\/div><div class=\"fusion-clearfix\"><\/div><\/div><\/div><div class=\"fusion-clearfix\"><\/div><\/div><\/div><\/div><\/div><div class=\"fusion-fullwidth fullwidth-box fusion-builder-row-3 fusion-parallax-none nonhundred-percent-fullwidth non-hundred-percent-height-scrolling lazyload\" style=\"--awb-border-sizes-top:0px;--awb-border-sizes-bottom:0px;--awb-border-sizes-left:0px;--awb-border-sizes-right:0px;--awb-border-radius-top-left:0px;--awb-border-radius-top-right:0px;--awb-border-radius-bottom-right:0px;--awb-border-radius-bottom-left:0px;--awb-padding-top:110px;--awb-padding-bottom:50px;--awb-background-size:cover;--awb-flex-wrap:wrap;\" data-bg=\"https:\/\/www.metelko.org\/MM\/wp-content\/uploads\/2015\/02\/services5.jpg\" ><div class=\"fusion-builder-row fusion-row\"><div class=\"fusion-layout-column fusion_builder_column fusion-builder-column-5 fusion_builder_column_1_3 1_3 fusion-one-third fusion-column-first\" style=\"--awb-bg-position:right center;--awb-bg-size:cover;--awb-border-color:#ffffff;--awb-border-right:3px;--awb-border-style:solid;--awb-margin-bottom:0px;width:30.6666%; margin-right: 4%;\"><div class=\"fusion-column-wrapper fusion-flex-column-wrapper-legacy\"><div class=\"fusion-text fusion-text-5\"><h2><span style=\"color: #ffffff;\">EVENT<\/span><br \/>\n<span style=\"color: #ffffff;\">MANAGEMENT<\/span><\/h2>\n<\/div><div class=\"fusion-clearfix\"><\/div><\/div><\/div><div class=\"fusion-layout-column fusion_builder_column fusion-builder-column-6 fusion_builder_column_2_3 2_3 fusion-two-third fusion-column-last\" style=\"--awb-bg-size:cover;--awb-margin-bottom:100px;width:65.3333%;\"><div class=\"fusion-column-wrapper fusion-flex-column-wrapper-legacy\"><div class=\"fusion-text fusion-text-6\"><h3><span style=\"color: #ffffff;\"><em>Ich begleite Ihre Veranstaltung nicht nur mit meiner Stimme. Ich stelle Ihnen auch sehr gerne mein ganzes Event-Know-How zur Verf\u00fcgung.<br \/>\nAblaufplanung &#8211; K\u00fcnstler &#8211; Technik<br \/>\ngreifen Sie zu &#8230; mein Netzwerk ist auch Ihres.<\/em><\/span><\/h3>\n<\/div><div class=\"fusion-clearfix\"><\/div><\/div><\/div><\/div><\/div><\/p>\n","protected":false},"excerpt":{"rendered":"","protected":false},"author":1,"featured_media":0,"parent":0,"menu_order":0,"comment_status":"closed","ping_status":"open","template":"100-width.php","meta":{"footnotes":""},"class_list":["post-645","page","type-page","status-publish","hentry"],"yoast_head":"<!-- This site is optimized with the Yoast SEO plugin v27.4 - https:\/\/yoast.com\/product\/yoast-seo-wordpress\/ -->\n<title>Referenzen - Mike Metelko<\/title>\n<meta name=\"robots\" content=\"index, follow, max-snippet:-1, max-image-preview:large, max-video-preview:-1\" \/>\n<link rel=\"canonical\" href=\"https:\/\/www.metelko.org\/MM\/referenzen\/\" \/>\n<meta property=\"og:locale\" content=\"de_DE\" \/>\n<meta property=\"og:type\" content=\"article\" \/>\n<meta property=\"og:title\" content=\"Referenzen - Mike Metelko\" \/>\n<meta property=\"og:url\" content=\"https:\/\/www.metelko.org\/MM\/referenzen\/\" \/>\n<meta property=\"og:site_name\" content=\"Mike Metelko\" \/>\n<meta property=\"article:publisher\" content=\"https:\/\/www.facebook.com\/MetelkoMike\/\" \/>\n<meta property=\"article:modified_time\" content=\"2025-03-24T13:33:04+00:00\" \/>\n<meta name=\"twitter:card\" content=\"summary_large_image\" \/>\n<meta name=\"twitter:label1\" content=\"Gesch\u00e4tzte Lesezeit\" \/>\n\t<meta name=\"twitter:data1\" content=\"3\u00a0Minuten\" \/>\n<script type=\"application\/ld+json\" class=\"yoast-schema-graph\">{\"@context\":\"https:\\\/\\\/schema.org\",\"@graph\":[{\"@type\":\"WebPage\",\"@id\":\"https:\\\/\\\/www.metelko.org\\\/MM\\\/referenzen\\\/\",\"url\":\"https:\\\/\\\/www.metelko.org\\\/MM\\\/referenzen\\\/\",\"name\":\"Referenzen - Mike Metelko\",\"isPartOf\":{\"@id\":\"https:\\\/\\\/www.metelko.org\\\/MM\\\/#website\"},\"datePublished\":\"2015-07-01T01:47:46+00:00\",\"dateModified\":\"2025-03-24T13:33:04+00:00\",\"breadcrumb\":{\"@id\":\"https:\\\/\\\/www.metelko.org\\\/MM\\\/referenzen\\\/#breadcrumb\"},\"inLanguage\":\"de\",\"potentialAction\":[{\"@type\":\"ReadAction\",\"target\":[\"https:\\\/\\\/www.metelko.org\\\/MM\\\/referenzen\\\/\"]}]},{\"@type\":\"BreadcrumbList\",\"@id\":\"https:\\\/\\\/www.metelko.org\\\/MM\\\/referenzen\\\/#breadcrumb\",\"itemListElement\":[{\"@type\":\"ListItem\",\"position\":1,\"name\":\"Startseite\",\"item\":\"https:\\\/\\\/www.metelko.org\\\/MM\\\/\"},{\"@type\":\"ListItem\",\"position\":2,\"name\":\"Referenzen\"}]},{\"@type\":\"WebSite\",\"@id\":\"https:\\\/\\\/www.metelko.org\\\/MM\\\/#website\",\"url\":\"https:\\\/\\\/www.metelko.org\\\/MM\\\/\",\"name\":\"Mike Metelko\",\"description\":\"Moderator - Speaker - Presenter\",\"publisher\":{\"@id\":\"https:\\\/\\\/www.metelko.org\\\/MM\\\/#organization\"},\"potentialAction\":[{\"@type\":\"SearchAction\",\"target\":{\"@type\":\"EntryPoint\",\"urlTemplate\":\"https:\\\/\\\/www.metelko.org\\\/MM\\\/?s={search_term_string}\"},\"query-input\":{\"@type\":\"PropertyValueSpecification\",\"valueRequired\":true,\"valueName\":\"search_term_string\"}}],\"inLanguage\":\"de\"},{\"@type\":\"Organization\",\"@id\":\"https:\\\/\\\/www.metelko.org\\\/MM\\\/#organization\",\"name\":\"Mike Metelko\",\"url\":\"https:\\\/\\\/www.metelko.org\\\/MM\\\/\",\"logo\":{\"@type\":\"ImageObject\",\"inLanguage\":\"de\",\"@id\":\"https:\\\/\\\/www.metelko.org\\\/MM\\\/#\\\/schema\\\/logo\\\/image\\\/\",\"url\":\"https:\\\/\\\/i0.wp.com\\\/www.metelko.org\\\/MM\\\/wp-content\\\/uploads\\\/2018\\\/03\\\/Mike-Metelko-1002.jpg?fit=2000%2C1280&ssl=1\",\"contentUrl\":\"https:\\\/\\\/i0.wp.com\\\/www.metelko.org\\\/MM\\\/wp-content\\\/uploads\\\/2018\\\/03\\\/Mike-Metelko-1002.jpg?fit=2000%2C1280&ssl=1\",\"width\":2000,\"height\":1280,\"caption\":\"Mike Metelko\"},\"image\":{\"@id\":\"https:\\\/\\\/www.metelko.org\\\/MM\\\/#\\\/schema\\\/logo\\\/image\\\/\"},\"sameAs\":[\"https:\\\/\\\/www.facebook.com\\\/MetelkoMike\\\/\",\"https:\\\/\\\/www.instagram.com\\\/mikemetelko\\\/\"]}]}<\/script>\n<!-- \/ Yoast SEO plugin. -->","yoast_head_json":{"title":"Referenzen - Mike Metelko","robots":{"index":"index","follow":"follow","max-snippet":"max-snippet:-1","max-image-preview":"max-image-preview:large","max-video-preview":"max-video-preview:-1"},"canonical":"https:\/\/www.metelko.org\/MM\/referenzen\/","og_locale":"de_DE","og_type":"article","og_title":"Referenzen - Mike Metelko","og_url":"https:\/\/www.metelko.org\/MM\/referenzen\/","og_site_name":"Mike Metelko","article_publisher":"https:\/\/www.facebook.com\/MetelkoMike\/","article_modified_time":"2025-03-24T13:33:04+00:00","twitter_card":"summary_large_image","twitter_misc":{"Gesch\u00e4tzte Lesezeit":"3\u00a0Minuten"},"schema":{"@context":"https:\/\/schema.org","@graph":[{"@type":"WebPage","@id":"https:\/\/www.metelko.org\/MM\/referenzen\/","url":"https:\/\/www.metelko.org\/MM\/referenzen\/","name":"Referenzen - Mike Metelko","isPartOf":{"@id":"https:\/\/www.metelko.org\/MM\/#website"},"datePublished":"2015-07-01T01:47:46+00:00","dateModified":"2025-03-24T13:33:04+00:00","breadcrumb":{"@id":"https:\/\/www.metelko.org\/MM\/referenzen\/#breadcrumb"},"inLanguage":"de","potentialAction":[{"@type":"ReadAction","target":["https:\/\/www.metelko.org\/MM\/referenzen\/"]}]},{"@type":"BreadcrumbList","@id":"https:\/\/www.metelko.org\/MM\/referenzen\/#breadcrumb","itemListElement":[{"@type":"ListItem","position":1,"name":"Startseite","item":"https:\/\/www.metelko.org\/MM\/"},{"@type":"ListItem","position":2,"name":"Referenzen"}]},{"@type":"WebSite","@id":"https:\/\/www.metelko.org\/MM\/#website","url":"https:\/\/www.metelko.org\/MM\/","name":"Mike Metelko","description":"Moderator - Speaker - Presenter","publisher":{"@id":"https:\/\/www.metelko.org\/MM\/#organization"},"potentialAction":[{"@type":"SearchAction","target":{"@type":"EntryPoint","urlTemplate":"https:\/\/www.metelko.org\/MM\/?s={search_term_string}"},"query-input":{"@type":"PropertyValueSpecification","valueRequired":true,"valueName":"search_term_string"}}],"inLanguage":"de"},{"@type":"Organization","@id":"https:\/\/www.metelko.org\/MM\/#organization","name":"Mike Metelko","url":"https:\/\/www.metelko.org\/MM\/","logo":{"@type":"ImageObject","inLanguage":"de","@id":"https:\/\/www.metelko.org\/MM\/#\/schema\/logo\/image\/","url":"https:\/\/i0.wp.com\/www.metelko.org\/MM\/wp-content\/uploads\/2018\/03\/Mike-Metelko-1002.jpg?fit=2000%2C1280&ssl=1","contentUrl":"https:\/\/i0.wp.com\/www.metelko.org\/MM\/wp-content\/uploads\/2018\/03\/Mike-Metelko-1002.jpg?fit=2000%2C1280&ssl=1","width":2000,"height":1280,"caption":"Mike Metelko"},"image":{"@id":"https:\/\/www.metelko.org\/MM\/#\/schema\/logo\/image\/"},"sameAs":["https:\/\/www.facebook.com\/MetelkoMike\/","https:\/\/www.instagram.com\/mikemetelko\/"]}]}},"jetpack_sharing_enabled":true,"jetpack_shortlink":"https:\/\/wp.me\/P7ZNi0-ap","_links":{"self":[{"href":"https:\/\/www.metelko.org\/MM\/wp-json\/wp\/v2\/pages\/645","targetHints":{"allow":["GET"]}}],"collection":[{"href":"https:\/\/www.metelko.org\/MM\/wp-json\/wp\/v2\/pages"}],"about":[{"href":"https:\/\/www.metelko.org\/MM\/wp-json\/wp\/v2\/types\/page"}],"author":[{"embeddable":true,"href":"https:\/\/www.metelko.org\/MM\/wp-json\/wp\/v2\/users\/1"}],"replies":[{"embeddable":true,"href":"https:\/\/www.metelko.org\/MM\/wp-json\/wp\/v2\/comments?post=645"}],"version-history":[{"count":6,"href":"https:\/\/www.metelko.org\/MM\/wp-json\/wp\/v2\/pages\/645\/revisions"}],"predecessor-version":[{"id":1802,"href":"https:\/\/www.metelko.org\/MM\/wp-json\/wp\/v2\/pages\/645\/revisions\/1802"}],"wp:attachment":[{"href":"https:\/\/www.metelko.org\/MM\/wp-json\/wp\/v2\/media?parent=645"}],"curies":[{"name":"wp","href":"https:\/\/api.w.org\/{rel}","templated":true}]}}