{"id":1435,"date":"2018-05-16T16:13:01","date_gmt":"2018-05-16T14:13:01","guid":{"rendered":"http:\/\/www.metelko.org\/MM\/?page_id=1435"},"modified":"2018-05-16T16:13:01","modified_gmt":"2018-05-16T14:13:01","slug":"datenschutzerklaerung","status":"publish","type":"page","link":"https:\/\/www.metelko.org\/MM\/datenschutzerklaerung\/","title":{"rendered":"Datenschutzerkl\u00e4rung"},"content":{"rendered":"<h3>Datenschutzerkl\u00e4rung und Einwilligungen<\/h3>\n<p>Grunds\u00e4tzlich eines vorweg; Wir respektieren deine Privatsph\u00e4re und dein Recht auf angemessene Kontrolle deiner personenbezogenen Daten. Unsere allgemeinen Richtlinien sind einfach. Wir legen klar und deutlich dar, welche Daten wir erfassen und warum wir das tun. Deine Daten werden von uns besonders gesch\u00fctzt. Wir verkaufen deine Daten nicht an Dritte \u2013 weder aktuell noch in Zukunft.<\/p>\n<p>Inhaltsverzeichnis<br \/>\n1. Zielsetzung und verantwortliche Stelle<br \/>\n2. Grunds\u00e4tzliche Angaben zur Datenverarbeitung<br \/>\n3. Verarbeitung personenbezogener Daten<br \/>\n4. Erhebung von Zugriffsdaten<br \/>\n5. Facebook Social Plugins<br \/>\n6. Jetpack (WordPress Stats)<br \/>\n7. Einbindung von Diensten und Inhalten Dritter<br \/>\n8. Rechte der Nutzer und L\u00f6schung<br \/>\n9. \u00c4nderungen der Datenschutzerkl\u00e4rung<\/p>\n<p>1. Zielsetzung und verantwortliche Stelle<br \/>\nDiese Datenschutzerkl\u00e4rung kl\u00e4rt \u00fcber die Art, den Umfang und Zweck der Verarbeitung (u.a. Erhebung, Verarbeitung und Nutzung sowie Einholung von Einwilligungen) von personenbezogenen Daten innerhalb unseres Onlineangebotes und der mit ihm verbundenen Webseiten, Funktionen und Inhalte (nachfolgend gemeinsam bezeichnet als \u201eOnlineangebot\u201c oder \u201eWebsite\u201c) auf. Die Datenschutzerkl\u00e4rung gilt unabh\u00e4ngig von den verwendeten Domains, Systemen, Plattformen und Ger\u00e4ten (z.B. Desktop oder Mobile) auf denen das Onlineangebot ausgef\u00fchrt wird.<br \/>\nAnbieter des Onlineangebotes und die datenschutzrechtlich verantwortliche Stelle ist MundHandWerker Marketingservice e.U., Michael Metelko, Bergstra\u00dfe 3a, A-6845 Hohenems (nachfolgend bezeichnet als \u201eAnbieterIn\u201c, \u201ewir\u201c oder \u201euns\u201c). F\u00fcr die Kontaktm\u00f6glichkeiten verweisen wir auf unser Impressum.<br \/>\nDer Begriff \u201eNutzer\u201c umfasst alle Kunden und Besucher unseres Onlineangebotes. Die verwendeten Begrifflichkeiten, wie z.B. \u201eNutzer\u201c sind geschlechtsneutral zu verstehen.<\/p>\n<p>2. Grunds\u00e4tzliche Angaben zur Datenverarbeitung<br \/>\nWir verarbeiten personenbezogene Daten der Nutzer nur unter Einhaltung der einschl\u00e4gigen Datenschutzbestimmungen entsprechend den Geboten der Datensparsamkeit- und Datenvermeidung. Das bedeutet die Daten der Nutzer werden nur beim Vorliegen einer gesetzlichen Erlaubnis, insbesondere wenn die Daten zur Erbringung unserer vertraglichen Leistungen sowie Online-Services erforderlich, bzw. gesetzlich vorgeschrieben sind oder beim Vorliegen einer Einwilligung verarbeitet.<br \/>\nWir treffen organisatorische, vertragliche und technische Sicherheitsma\u00dfnahmen entsprechend dem Stand der Technik, um sicher zu stellen, dass die Vorschriften der Datenschutzgesetze eingehalten werden und um damit die durch uns verarbeiteten Daten gegen zuf\u00e4llige oder vors\u00e4tzliche Manipulationen, Verlust, Zerst\u00f6rung oder gegen den Zugriff unberechtigter Personen zu sch\u00fctzen.<br \/>\nSofern im Rahmen dieser Datenschutzerkl\u00e4rung Inhalte, Werkzeuge oder sonstige Mittel von anderen Anbietern (nachfolgend gemeinsam bezeichnet als \u201eDritt-Anbieter\u201c) eingesetzt werden und deren genannter Sitz im Ausland ist, ist davon auszugehen, dass ein Datentransfer in die Sitzstaaten der Dritt-Anbieter stattfindet. Die \u00dcbermittlung von Daten in Drittstaaten erfolgt entweder auf Grundlage einer gesetzlichen Erlaubnis, einer Einwilligung der Nutzer oder spezieller Vertragsklauseln, die eine gesetzlich vorausgesetzte Sicherheit der Daten gew\u00e4hrleisten.<\/p>\n<p>3. Verarbeitung personenbezogener Daten<br \/>\nDie personenbezogenen Daten werden, neben den ausdr\u00fccklich in dieser Datenschutzerkl\u00e4rung genannten Verwendung, f\u00fcr die folgenden Zwecke auf Grundlage gesetzlicher Erlaubnisse oder Einwilligungen der Nutzer verarbeitet:<br \/>\n\u2013 Die Zurverf\u00fcgungstellung, Ausf\u00fchrung, Pflege, Optimierung und Sicherung unserer Dienste-, Service- und Nutzerleistungen;<br \/>\n\u2013 Die Gew\u00e4hrleistung eines effektiven Kundendienstes und technischen Supports.<br \/>\n\u2013 Der Versand eines monatlichen Newsletters (der jederzeit abbestellt werden kann).<br \/>\n\u2013 Organisation der Kurse und Workshop \u2013 sprich aller Dienstleistungen die wir f\u00fcr dich erbringen und wof\u00fcr wir die Daten ben\u00f6tigen.<\/p>\n<p>Wir \u00fcbermitteln die Daten der Nutzer an Dritte nur, wenn dies f\u00fcr Abrechnungszwecke notwendig ist (z.B. an einen Zahlungsdienstleister) oder f\u00fcr andere Zwecke, wenn diese notwendig sind, um unsere vertraglichen Verpflichtungen gegen\u00fcber den Nutzern zu erf\u00fcllen.<br \/>\nBei der Kontaktaufnahme mit uns (per Kontaktformular oder Email) werden die Angaben des Nutzers zwecks Bearbeitung der Anfrage sowie f\u00fcr den Fall, dass Anschlussfragen entstehen, gespeichert.<br \/>\nPersonenbezogene Daten werden gel\u00f6scht, sofern sie ihren Verwendungszweck erf\u00fcllt haben und der L\u00f6schung keine Aufbewahrungspflichten entgegenstehen.<\/p>\n<p>4. Erhebung von Zugriffsdaten<br \/>\nWir erheben Daten \u00fcber jeden Zugriff auf den Server, auf dem sich dieser Dienst befindet (so genannte Serverlogfiles). Zu den Zugriffsdaten geh\u00f6ren Name der abgerufenen Webseite, Datei, Datum und Uhrzeit des Abrufs, \u00fcbertragene Datenmenge, Meldung \u00fcber erfolgreichen Abruf, Browsertyp nebst Version, das Betriebssystem des Nutzers, Referrer URL (die zuvor besuchte Seite), IP-Adresse und der anfragende Provider.<\/p>\n<p>Wir verwenden die Protokolldaten ohne Zuordnung zur Person des Nutzers oder sonstiger Profilerstellung entsprechend den gesetzlichen Bestimmungen nur f\u00fcr statistische Auswertungen zum Zweck des Betriebs, der Sicherheit und der Optimierung unseres Onlineangebotes. Wir behalten uns jedoch vor, die Protokolldaten nachtr\u00e4glich zu \u00fcberpr\u00fcfen, wenn aufgrund konkreter Anhaltspunkte der berechtigte Verdacht einer rechtswidrigen Nutzung besteht.<\/p>\n<p>5. Facebook Social Plugins<br \/>\nUnser Onlineangebot verwendet Social Plugins (\u201ePlugins\u201c) des sozialen Netzwerkes facebook.com, welches von der Facebook Ireland Ltd., 4 Grand Canal Square, Grand Canal Harbour, Dublin 2, Irland betrieben wird (\u201eFacebook\u201c). Die Plugins sind an einem der Facebook Logos erkennbar (wei\u00dfes \u201ef\u201c auf blauer Kachel, den Begriffen \u201eLike\u201c, \u201eGef\u00e4llt mir\u201c oder einem \u201eDaumen hoch\u201c-Zeichen) oder sind mit dem Zusatz \u201eFacebook Social Plugin\u201c gekennzeichnet. Die Liste und das Aussehen der Facebook Social Plugins kann hier eingesehen werden: https:\/\/developers.facebook.com\/docs\/plugins\/.<br \/>\nWenn ein Nutzer eine Funktion dieses Onlineangebotes aufruft, die ein solches Plugin enth\u00e4lt, baut sein Ger\u00e4t eine direkte Verbindung mit den Servern von Facebook auf. Der Inhalt des Plugins wird von Facebook direkt an das Ger\u00e4t des Nutzers \u00fcbermittelt und von diesem in das Onlineangebot eingebunden. Dabei k\u00f6nnen aus den verarbeiteten Daten Nutzungsprofile der Nutzer erstellt werden. Wir haben daher keinen Einfluss auf den Umfang der Daten, die Facebook mit Hilfe dieses Plugins erhebt und informiert die Nutzer daher entsprechend unserem Kenntnisstand.<br \/>\nDurch die Einbindung der Plugins erh\u00e4lt Facebook die Information, dass ein Nutzer die entsprechende Seite des Onlineangebotes aufgerufen hat. Ist der Nutzer bei Facebook eingeloggt, kann Facebook den Besuch seinem Facebook-Konto zuordnen. Wenn Nutzer mit den Plugins interagieren, zum Beispiel den Like Button bet\u00e4tigen oder einen Kommentar abgeben, wird die entsprechende Information von Ihrem Ger\u00e4t direkt an Facebook \u00fcbermittelt und dort gespeichert. Falls ein Nutzer kein Mitglied von Facebook ist, besteht trotzdem die M\u00f6glichkeit, dass Facebook seine IP-Adresse in Erfahrung bringt und speichert. Laut Facebook wird in Deutschland nur eine anonymisierte IP-Adresse gespeichert.<br \/>\nZweck und Umfang der Datenerhebung und die weitere Verarbeitung und Nutzung der Daten durch Facebook sowie die diesbez\u00fcglichen Rechte und Einstellungsm\u00f6glichkeiten zum Schutz der Privatsph\u00e4re der Nutzer, k\u00f6nnen diese den Datenschutzhinweisen von Facebook entnehmen: https:\/\/www.facebook.com\/about\/privacy\/.<br \/>\nWenn ein Nutzer Facebookmitglied ist und nicht m\u00f6chte, dass Facebook \u00fcber dieses Onlineangebot Daten \u00fcber ihn sammelt und mit seinen bei Facebook gespeicherten Mitgliedsdaten verkn\u00fcpft, muss er sich vor der Nutzung unseres Onlineangebotes bei Facebook ausloggen und seine Cookies l\u00f6schen. Weitere Einstellungen und Widerspr\u00fcche zur Nutzung von Daten f\u00fcr Werbezwecke, sind innerhalb der Facebook-Profileinstellungen m\u00f6glich: https:\/\/www.facebook.com\/settings?tab=ads oder \u00fcber die US-amerikanische Seite http:\/\/www.aboutads.info\/choices\/ oder die EU-Seite http:\/\/www.youronlinechoices.com\/. Die Einstellungen erfolgen plattformunabh\u00e4ngig, d.h. sie werden f\u00fcr alle Ger\u00e4te, wie Desktopcomputer oder mobile Ger\u00e4te \u00fcbernommen.<\/p>\n<p>6. Jetpack (WordPress Stats)<br \/>\nWir nutzen das Plugin Jetpack (hier die Unterfunktion \u201eWordpress Stats\u201c), welches ein Tool zur statistischen Auswertung der Besucherzugriffe einbindet und von Automattic, Inc. 132 Hawthorne Street San Francisco, CA 94107, USA. Jetpack verwendet sog. \u201eCookies\u201c, Textdateien, die auf Ihrem Computer gespeichert werden und die eine Analyse der Benutzung der Website durch Sie erm\u00f6glichen.<br \/>\nDie durch das Cookie erzeugten Informationen \u00fcber Ihre Benutzung dieses Onlineangebotes werden auf einem Server in den USA gespeichert. Dabei k\u00f6nnen aus den verarbeiteten Daten Nutzungsprofile der Nutzer erstellt werden, wobei diese nur zu Analyse- und nicht zu Werbezwecken eingesetzt werden. Weitere Informationen erhalten Sie in den Datenschutzerkl\u00e4rungen von Automattic: https:\/\/automattic.com\/privacy\/ und Hinweisen zu Jetpack-Cookies: https:\/\/jetpack.com\/support\/cookies\/.<\/p>\n<p>7. Einbindung von Diensten und Inhalten Dritter<br \/>\nEs kann vorkommen, dass innerhalb unseres Onlineangebotes Inhalte oder Dienste von Dritt-Anbietern, wie zum Beispiel Stadtpl\u00e4ne oder Schriftarten von anderen Webseiten eingebunden werden. Die Einbindung von Inhalten der Dritt-Anbieter setzt immer voraus, dass die Dritt-Anbieter die IP-Adresse der Nutzer wahrnehmen, da sie ohne die IP-Adresse die Inhalte nicht an den Browser der Nutzer senden k\u00f6nnten. Die IP-Adresse ist damit f\u00fcr die Darstellung dieser Inhalte erforderlich. Des Weiteren k\u00f6nnen die Anbieter der Dritt-Inhalte eigene Cookies setzen und die Daten der Nutzer f\u00fcr eigene Zwecke verarbeiten. Dabei k\u00f6nnen aus den verarbeiteten Daten Nutzungsprofile der Nutzer erstellt werden. Wir werden diese Inhalte m\u00f6glichst datensparsam und datenvermeidend einsetzen sowie im Hinblick auf die Datensicherheit zuverl\u00e4ssige Dritt-Anbieter w\u00e4hlen.<br \/>\nDie nachfolgende Darstellung bietet eine \u00dcbersicht von Dritt-Anbietern sowie ihrer Inhalte, nebst Links zu deren Datenschutzerkl\u00e4rungen, welche weitere Hinweise zur Verarbeitung von Daten und, z.T. bereits hier genannt, Widerspruchsm\u00f6glichkeiten (sog. Opt-Out) enthalten:<br \/>\n\u2013 Externe Schriftarten von Google, Inc., https:\/\/www.google.com\/fonts (\u201eGoogle Fonts\u201c). Die Einbindung der Google Fonts erfolgt durch einen Serveraufruf bei Google (in der Regel in den USA). Datenschutzerkl\u00e4rung: https:\/\/www.google.com\/policies\/privacy\/, Opt-Out: https:\/\/www.google.com\/settings\/ads\/.<br \/>\n\u2013 Landkarten des Dienstes \u201eGoogle Maps\u201c des Dritt-Anbieters Google Inc., 1600 Amphitheatre Parkway, Mountain View, CA 94043, USA, gestellt. Datenschutzerkl\u00e4rung: https:\/\/www.google.com\/policies\/privacy\/, Opt-Out: https:\/\/www.google.com\/settings\/ads\/.<br \/>\n\u2013 Videos der Plattform \u201cYouTube\u201d des Dritt-Anbieters Google Inc., 1600 Amphitheatre Parkway, Mountain View, CA 94043, USA. Datenschutzerkl\u00e4rung: https:\/\/www.google.com\/policies\/privacy\/, Opt-Out: https:\/\/www.google.com\/settings\/ads\/.<\/p>\n<p>8. Rechte der Nutzer und L\u00f6schung von Daten<br \/>\nNutzer haben das Recht, auf Antrag unentgeltlich Auskunft zu erhalten \u00fcber die personenbezogenen Daten, die von uns \u00fcber sie gespeichert wurden.<br \/>\nZus\u00e4tzlich haben die Nutzer das Recht auf Berichtigung unrichtiger Daten, Widerruf von Einwilligungen, Sperrung und L\u00f6schung ihrer personenbezogenen Daten sowie das Recht, im Fall der Annahme einer unrechtm\u00e4\u00dfigen Datenverarbeitung eine Beschwerde bei der zust\u00e4ndigen Aufsichtsbeh\u00f6rde einzureichen.<br \/>\nDie bei uns gespeicherten Daten werden gel\u00f6scht, sobald sie f\u00fcr ihre Zweckbestimmung nicht mehr erforderlich sind und der L\u00f6schung keine gesetzlichen Aufbewahrungspflichten entgegenstehen.<\/p>\n<p>9. \u00c4nderungen der Datenschutzerkl\u00e4rung<br \/>\nWir behalten uns vor, die Datenschutzerkl\u00e4rung zu \u00e4ndern, um sie an ge\u00e4nderte Rechtslagen, oder bei \u00c4nderungen des Dienstes sowie der Datenverarbeitung anzupassen. Dies gilt jedoch nur im Hinblick auf Erkl\u00e4rungen zur Datenverarbeitung. Sofern Einwilligungen der Nutzer erforderlich sind oder Bestandteile der Datenschutzerkl\u00e4rung Regelungen des Vertragsverh\u00e4ltnisses mit den Nutzern enthalten, erfolgen die \u00c4nderungen nur mit Zustimmung der Nutzer.<br \/>\nDie Nutzer werden gebeten sich regelm\u00e4\u00dfig \u00fcber den Inhalt der Datenschutzerkl\u00e4rung zu informieren.<\/p>\n<p>Stand: Mai 2018<\/p>\n","protected":false},"excerpt":{"rendered":"<p>Datenschutzerkl\u00e4rung und Einwilligungen Grunds\u00e4tzlich eines vorweg; Wir respektieren deine Privatsph\u00e4re und dein Recht auf angemessene Kontrolle deiner personenbezogenen Daten. Unsere allgemeinen Richtlinien sind einfach. Wir legen klar und deutlich dar, welche Daten wir erfassen und warum wir das tun. Deine Daten werden von uns besonders gesch\u00fctzt. Wir verkaufen deine Daten nicht an Dritte \u2013 weder  [&#8230;]<\/p>\n","protected":false},"author":1,"featured_media":0,"parent":0,"menu_order":0,"comment_status":"closed","ping_status":"closed","template":"","meta":{"footnotes":""},"class_list":["post-1435","page","type-page","status-publish","hentry"],"yoast_head":"<!-- This site is optimized with the Yoast SEO plugin v27.3 - https:\/\/yoast.com\/product\/yoast-seo-wordpress\/ -->\n<title>Datenschutzerkl\u00e4rung - Mike Metelko<\/title>\n<meta name=\"robots\" content=\"index, follow, max-snippet:-1, max-image-preview:large, max-video-preview:-1\" \/>\n<link rel=\"canonical\" href=\"https:\/\/www.metelko.org\/MM\/datenschutzerklaerung\/\" \/>\n<meta property=\"og:locale\" content=\"de_DE\" \/>\n<meta property=\"og:type\" content=\"article\" \/>\n<meta property=\"og:title\" content=\"Datenschutzerkl\u00e4rung - Mike Metelko\" \/>\n<meta property=\"og:description\" content=\"Datenschutzerkl\u00e4rung und Einwilligungen Grunds\u00e4tzlich eines vorweg; Wir respektieren deine Privatsph\u00e4re und dein Recht auf angemessene Kontrolle deiner personenbezogenen Daten. Unsere allgemeinen Richtlinien sind einfach. Wir legen klar und deutlich dar, welche Daten wir erfassen und warum wir das tun. Deine Daten werden von uns besonders gesch\u00fctzt. Wir verkaufen deine Daten nicht an Dritte \u2013 weder [...]\" \/>\n<meta property=\"og:url\" content=\"https:\/\/www.metelko.org\/MM\/datenschutzerklaerung\/\" \/>\n<meta property=\"og:site_name\" content=\"Mike Metelko\" \/>\n<meta property=\"article:publisher\" content=\"https:\/\/www.facebook.com\/MetelkoMike\/\" \/>\n<meta name=\"twitter:card\" content=\"summary_large_image\" \/>\n<meta name=\"twitter:label1\" content=\"Gesch\u00e4tzte Lesezeit\" \/>\n\t<meta name=\"twitter:data1\" content=\"8\u00a0Minuten\" \/>\n<script type=\"application\/ld+json\" class=\"yoast-schema-graph\">{\"@context\":\"https:\\\/\\\/schema.org\",\"@graph\":[{\"@type\":\"WebPage\",\"@id\":\"https:\\\/\\\/www.metelko.org\\\/MM\\\/datenschutzerklaerung\\\/\",\"url\":\"https:\\\/\\\/www.metelko.org\\\/MM\\\/datenschutzerklaerung\\\/\",\"name\":\"Datenschutzerkl\u00e4rung - Mike Metelko\",\"isPartOf\":{\"@id\":\"https:\\\/\\\/www.metelko.org\\\/MM\\\/#website\"},\"datePublished\":\"2018-05-16T14:13:01+00:00\",\"breadcrumb\":{\"@id\":\"https:\\\/\\\/www.metelko.org\\\/MM\\\/datenschutzerklaerung\\\/#breadcrumb\"},\"inLanguage\":\"de\",\"potentialAction\":[{\"@type\":\"ReadAction\",\"target\":[\"https:\\\/\\\/www.metelko.org\\\/MM\\\/datenschutzerklaerung\\\/\"]}]},{\"@type\":\"BreadcrumbList\",\"@id\":\"https:\\\/\\\/www.metelko.org\\\/MM\\\/datenschutzerklaerung\\\/#breadcrumb\",\"itemListElement\":[{\"@type\":\"ListItem\",\"position\":1,\"name\":\"Startseite\",\"item\":\"https:\\\/\\\/www.metelko.org\\\/MM\\\/\"},{\"@type\":\"ListItem\",\"position\":2,\"name\":\"Datenschutzerkl\u00e4rung\"}]},{\"@type\":\"WebSite\",\"@id\":\"https:\\\/\\\/www.metelko.org\\\/MM\\\/#website\",\"url\":\"https:\\\/\\\/www.metelko.org\\\/MM\\\/\",\"name\":\"Mike Metelko\",\"description\":\"Moderator - Speaker - Presenter\",\"publisher\":{\"@id\":\"https:\\\/\\\/www.metelko.org\\\/MM\\\/#organization\"},\"potentialAction\":[{\"@type\":\"SearchAction\",\"target\":{\"@type\":\"EntryPoint\",\"urlTemplate\":\"https:\\\/\\\/www.metelko.org\\\/MM\\\/?s={search_term_string}\"},\"query-input\":{\"@type\":\"PropertyValueSpecification\",\"valueRequired\":true,\"valueName\":\"search_term_string\"}}],\"inLanguage\":\"de\"},{\"@type\":\"Organization\",\"@id\":\"https:\\\/\\\/www.metelko.org\\\/MM\\\/#organization\",\"name\":\"Mike Metelko\",\"url\":\"https:\\\/\\\/www.metelko.org\\\/MM\\\/\",\"logo\":{\"@type\":\"ImageObject\",\"inLanguage\":\"de\",\"@id\":\"https:\\\/\\\/www.metelko.org\\\/MM\\\/#\\\/schema\\\/logo\\\/image\\\/\",\"url\":\"https:\\\/\\\/i0.wp.com\\\/www.metelko.org\\\/MM\\\/wp-content\\\/uploads\\\/2018\\\/03\\\/Mike-Metelko-1002.jpg?fit=2000%2C1280&ssl=1\",\"contentUrl\":\"https:\\\/\\\/i0.wp.com\\\/www.metelko.org\\\/MM\\\/wp-content\\\/uploads\\\/2018\\\/03\\\/Mike-Metelko-1002.jpg?fit=2000%2C1280&ssl=1\",\"width\":2000,\"height\":1280,\"caption\":\"Mike Metelko\"},\"image\":{\"@id\":\"https:\\\/\\\/www.metelko.org\\\/MM\\\/#\\\/schema\\\/logo\\\/image\\\/\"},\"sameAs\":[\"https:\\\/\\\/www.facebook.com\\\/MetelkoMike\\\/\",\"https:\\\/\\\/www.instagram.com\\\/mikemetelko\\\/\"]}]}<\/script>\n<!-- \/ Yoast SEO plugin. -->","yoast_head_json":{"title":"Datenschutzerkl\u00e4rung - Mike Metelko","robots":{"index":"index","follow":"follow","max-snippet":"max-snippet:-1","max-image-preview":"max-image-preview:large","max-video-preview":"max-video-preview:-1"},"canonical":"https:\/\/www.metelko.org\/MM\/datenschutzerklaerung\/","og_locale":"de_DE","og_type":"article","og_title":"Datenschutzerkl\u00e4rung - Mike Metelko","og_description":"Datenschutzerkl\u00e4rung und Einwilligungen Grunds\u00e4tzlich eines vorweg; Wir respektieren deine Privatsph\u00e4re und dein Recht auf angemessene Kontrolle deiner personenbezogenen Daten. Unsere allgemeinen Richtlinien sind einfach. Wir legen klar und deutlich dar, welche Daten wir erfassen und warum wir das tun. Deine Daten werden von uns besonders gesch\u00fctzt. Wir verkaufen deine Daten nicht an Dritte \u2013 weder [...]","og_url":"https:\/\/www.metelko.org\/MM\/datenschutzerklaerung\/","og_site_name":"Mike Metelko","article_publisher":"https:\/\/www.facebook.com\/MetelkoMike\/","twitter_card":"summary_large_image","twitter_misc":{"Gesch\u00e4tzte Lesezeit":"8\u00a0Minuten"},"schema":{"@context":"https:\/\/schema.org","@graph":[{"@type":"WebPage","@id":"https:\/\/www.metelko.org\/MM\/datenschutzerklaerung\/","url":"https:\/\/www.metelko.org\/MM\/datenschutzerklaerung\/","name":"Datenschutzerkl\u00e4rung - Mike Metelko","isPartOf":{"@id":"https:\/\/www.metelko.org\/MM\/#website"},"datePublished":"2018-05-16T14:13:01+00:00","breadcrumb":{"@id":"https:\/\/www.metelko.org\/MM\/datenschutzerklaerung\/#breadcrumb"},"inLanguage":"de","potentialAction":[{"@type":"ReadAction","target":["https:\/\/www.metelko.org\/MM\/datenschutzerklaerung\/"]}]},{"@type":"BreadcrumbList","@id":"https:\/\/www.metelko.org\/MM\/datenschutzerklaerung\/#breadcrumb","itemListElement":[{"@type":"ListItem","position":1,"name":"Startseite","item":"https:\/\/www.metelko.org\/MM\/"},{"@type":"ListItem","position":2,"name":"Datenschutzerkl\u00e4rung"}]},{"@type":"WebSite","@id":"https:\/\/www.metelko.org\/MM\/#website","url":"https:\/\/www.metelko.org\/MM\/","name":"Mike Metelko","description":"Moderator - Speaker - Presenter","publisher":{"@id":"https:\/\/www.metelko.org\/MM\/#organization"},"potentialAction":[{"@type":"SearchAction","target":{"@type":"EntryPoint","urlTemplate":"https:\/\/www.metelko.org\/MM\/?s={search_term_string}"},"query-input":{"@type":"PropertyValueSpecification","valueRequired":true,"valueName":"search_term_string"}}],"inLanguage":"de"},{"@type":"Organization","@id":"https:\/\/www.metelko.org\/MM\/#organization","name":"Mike Metelko","url":"https:\/\/www.metelko.org\/MM\/","logo":{"@type":"ImageObject","inLanguage":"de","@id":"https:\/\/www.metelko.org\/MM\/#\/schema\/logo\/image\/","url":"https:\/\/i0.wp.com\/www.metelko.org\/MM\/wp-content\/uploads\/2018\/03\/Mike-Metelko-1002.jpg?fit=2000%2C1280&ssl=1","contentUrl":"https:\/\/i0.wp.com\/www.metelko.org\/MM\/wp-content\/uploads\/2018\/03\/Mike-Metelko-1002.jpg?fit=2000%2C1280&ssl=1","width":2000,"height":1280,"caption":"Mike Metelko"},"image":{"@id":"https:\/\/www.metelko.org\/MM\/#\/schema\/logo\/image\/"},"sameAs":["https:\/\/www.facebook.com\/MetelkoMike\/","https:\/\/www.instagram.com\/mikemetelko\/"]}]}},"jetpack_sharing_enabled":true,"jetpack_shortlink":"https:\/\/wp.me\/P7ZNi0-n9","_links":{"self":[{"href":"https:\/\/www.metelko.org\/MM\/wp-json\/wp\/v2\/pages\/1435","targetHints":{"allow":["GET"]}}],"collection":[{"href":"https:\/\/www.metelko.org\/MM\/wp-json\/wp\/v2\/pages"}],"about":[{"href":"https:\/\/www.metelko.org\/MM\/wp-json\/wp\/v2\/types\/page"}],"author":[{"embeddable":true,"href":"https:\/\/www.metelko.org\/MM\/wp-json\/wp\/v2\/users\/1"}],"replies":[{"embeddable":true,"href":"https:\/\/www.metelko.org\/MM\/wp-json\/wp\/v2\/comments?post=1435"}],"version-history":[{"count":2,"href":"https:\/\/www.metelko.org\/MM\/wp-json\/wp\/v2\/pages\/1435\/revisions"}],"predecessor-version":[{"id":1437,"href":"https:\/\/www.metelko.org\/MM\/wp-json\/wp\/v2\/pages\/1435\/revisions\/1437"}],"wp:attachment":[{"href":"https:\/\/www.metelko.org\/MM\/wp-json\/wp\/v2\/media?parent=1435"}],"curies":[{"name":"wp","href":"https:\/\/api.w.org\/{rel}","templated":true}]}}