{"id":1335,"date":"2017-03-13T13:05:51","date_gmt":"2017-03-13T12:05:51","guid":{"rendered":"http:\/\/www.metelko.org\/MM\/?page_id=1335"},"modified":"2018-06-04T18:10:24","modified_gmt":"2018-06-04T16:10:24","slug":"impressum","status":"publish","type":"page","link":"https:\/\/www.metelko.org\/MM\/impressum\/","title":{"rendered":"Impressum"},"content":{"rendered":"<p>IMPRESSUM<\/p>\n<p>Verantwortlich:<br \/>\nMichael Metelko<br \/>\nBergstrasse 3a<br \/>\nA-6845 Hohenems<br \/>\nmike@metelko.org<\/p>\n<p>Information bez\u00fcglich Copyright der Seiten\u00a0metelko.org<\/p>\n<p>Alle Informationen erfolgen nach bestem Wissen und Gewissen sowie aktuellem Kenntnisstand. F\u00fcr Fehler kann keine Haftung \u00fcbernommen werden. Wir weisen darauf hin, da\u00df das gesamte Informationsangebot laufend aktualisiert wird.<\/p>\n<p>Haftungshinweis:<br \/>\nTrotz sorgf\u00e4ltiger inhaltlicher Kontrolle \u00fcbernehmen wir keine Haftung f\u00fcr die Inhalte externer Links.<br \/>\nF\u00fcr den Inhalt der verlinkten Seiten sind ausschlie\u00dflich deren Betreiber verantwortlich.<\/p>\n<p>Eingetragene Warenzeichen: Alle eingetragenen Warenzeichen sind Eigentum der jeweiligen Hersteller bzw. K\u00fcnstler.<\/p>\n<p>Copyright:<br \/>\nDie Verwendung des Materials dieser Webseite ist ohne ausdr\u00fcckliche, schriftliche Zusage von Michael Metelko ausnahmslos verboten.<br \/>\nAny use of materials on this Web site, including reproduction, modification, distribution or republication, without the prior written permission of Michael Metelko is strictly prohibited.<br \/>\nGenerell behalten wir uns technische \u00c4nderungen und Irrtum vor.<\/p>\n<p>Kontakt:<br \/>\n<span style=\"display: inline !important; float: none; background-color: transparent; color: #333333; cursor: text; font-family: Georgia,'Times New Roman','Bitstream Charter',Times,serif; font-size: 16px; font-style: normal; font-variant: normal; font-weight: 400; letter-spacing: normal; orphans: 2; text-align: left; text-decoration: none; text-indent: 0px; text-transform: none; -webkit-text-stroke-width: 0px; white-space: normal; word-spacing: 0px;\">MundHandWerker Marketingservice e.U.<\/span><br \/>\n<span style=\"display: inline !important; float: none; background-color: transparent; color: #333333; cursor: text; font-family: Georgia,'Times New Roman','Bitstream Charter',Times,serif; font-size: 16px; font-style: normal; font-variant: normal; font-weight: 400; letter-spacing: normal; orphans: 2; text-align: left; text-decoration: none; text-indent: 0px; text-transform: none; -webkit-text-stroke-width: 0px; white-space: normal; word-spacing: 0px;\">Michael Metelko<\/span><br \/>\n<span style=\"display: inline !important; float: none; background-color: transparent; color: #333333; cursor: text; font-family: Georgia,'Times New Roman','Bitstream Charter',Times,serif; font-size: 16px; font-style: normal; font-variant: normal; font-weight: 400; letter-spacing: normal; orphans: 2; text-align: left; text-decoration: none; text-indent: 0px; text-transform: none; -webkit-text-stroke-width: 0px; white-space: normal; word-spacing: 0px;\">Bergstrasse 3a<\/span><br \/>\n<span style=\"display: inline !important; float: none; background-color: transparent; color: #333333; cursor: text; font-family: Georgia,'Times New Roman','Bitstream Charter',Times,serif; font-size: 16px; font-style: normal; font-variant: normal; font-weight: 400; letter-spacing: normal; orphans: 2; text-align: left; text-decoration: none; text-indent: 0px; text-transform: none; -webkit-text-stroke-width: 0px; white-space: normal; word-spacing: 0px;\">A-6845 Hohenems<\/span><br \/>\n<span style=\"display: inline !important; float: none; background-color: transparent; color: #333333; cursor: text; font-family: Georgia,'Times New Roman','Bitstream Charter',Times,serif; font-size: 16px; font-style: normal; font-variant: normal; font-weight: 400; letter-spacing: normal; orphans: 2; text-align: left; text-decoration: none; text-indent: 0px; text-transform: none; -webkit-text-stroke-width: 0px; white-space: normal; word-spacing: 0px;\">Firmenbuch: 471437s<\/span><br \/>\n<span style=\"display: inline !important; float: none; background-color: transparent; color: #333333; cursor: text; font-family: Georgia,'Times New Roman','Bitstream Charter',Times,serif; font-size: 16px; font-style: normal; font-variant: normal; font-weight: 400; letter-spacing: normal; orphans: 2; text-align: left; text-decoration: none; text-indent: 0px; text-transform: none; -webkit-text-stroke-width: 0px; white-space: normal; word-spacing: 0px;\">UID: ATU72324406<\/span><\/p>\n","protected":false},"excerpt":{"rendered":"<p>IMPRESSUM Verantwortlich: Michael Metelko Bergstrasse 3a A-6845 Hohenems mike@metelko.org Information bez\u00fcglich Copyright der Seiten\u00a0metelko.org Alle Informationen erfolgen nach bestem Wissen und Gewissen sowie aktuellem Kenntnisstand. F\u00fcr Fehler kann keine Haftung \u00fcbernommen werden. Wir weisen darauf hin, da\u00df das gesamte Informationsangebot laufend aktualisiert wird. Haftungshinweis: Trotz sorgf\u00e4ltiger inhaltlicher Kontrolle \u00fcbernehmen wir keine Haftung f\u00fcr die Inhalte  [&#8230;]<\/p>\n","protected":false},"author":1,"featured_media":0,"parent":0,"menu_order":0,"comment_status":"closed","ping_status":"closed","template":"","meta":{"footnotes":""},"class_list":["post-1335","page","type-page","status-publish","hentry"],"yoast_head":"<!-- This site is optimized with the Yoast SEO plugin v27.4 - https:\/\/yoast.com\/product\/yoast-seo-wordpress\/ -->\n<title>Impressum - Mike Metelko<\/title>\n<meta name=\"robots\" content=\"index, follow, max-snippet:-1, max-image-preview:large, max-video-preview:-1\" \/>\n<link rel=\"canonical\" href=\"https:\/\/www.metelko.org\/MM\/impressum\/\" \/>\n<meta property=\"og:locale\" content=\"de_DE\" \/>\n<meta property=\"og:type\" content=\"article\" \/>\n<meta property=\"og:title\" content=\"Impressum - Mike Metelko\" \/>\n<meta property=\"og:description\" content=\"IMPRESSUM Verantwortlich: Michael Metelko Bergstrasse 3a A-6845 Hohenems mike@metelko.org Information bez\u00fcglich Copyright der Seiten\u00a0metelko.org Alle Informationen erfolgen nach bestem Wissen und Gewissen sowie aktuellem Kenntnisstand. F\u00fcr Fehler kann keine Haftung \u00fcbernommen werden. Wir weisen darauf hin, da\u00df das gesamte Informationsangebot laufend aktualisiert wird. Haftungshinweis: Trotz sorgf\u00e4ltiger inhaltlicher Kontrolle \u00fcbernehmen wir keine Haftung f\u00fcr die Inhalte [...]\" \/>\n<meta property=\"og:url\" content=\"https:\/\/www.metelko.org\/MM\/impressum\/\" \/>\n<meta property=\"og:site_name\" content=\"Mike Metelko\" \/>\n<meta property=\"article:publisher\" content=\"https:\/\/www.facebook.com\/MetelkoMike\/\" \/>\n<meta property=\"article:modified_time\" content=\"2018-06-04T16:10:24+00:00\" \/>\n<meta name=\"twitter:card\" content=\"summary_large_image\" \/>\n<meta name=\"twitter:label1\" content=\"Gesch\u00e4tzte Lesezeit\" \/>\n\t<meta name=\"twitter:data1\" content=\"1\u00a0Minute\" \/>\n<script type=\"application\/ld+json\" class=\"yoast-schema-graph\">{\"@context\":\"https:\\\/\\\/schema.org\",\"@graph\":[{\"@type\":\"WebPage\",\"@id\":\"https:\\\/\\\/www.metelko.org\\\/MM\\\/impressum\\\/\",\"url\":\"https:\\\/\\\/www.metelko.org\\\/MM\\\/impressum\\\/\",\"name\":\"Impressum - Mike Metelko\",\"isPartOf\":{\"@id\":\"https:\\\/\\\/www.metelko.org\\\/MM\\\/#website\"},\"datePublished\":\"2017-03-13T12:05:51+00:00\",\"dateModified\":\"2018-06-04T16:10:24+00:00\",\"breadcrumb\":{\"@id\":\"https:\\\/\\\/www.metelko.org\\\/MM\\\/impressum\\\/#breadcrumb\"},\"inLanguage\":\"de\",\"potentialAction\":[{\"@type\":\"ReadAction\",\"target\":[\"https:\\\/\\\/www.metelko.org\\\/MM\\\/impressum\\\/\"]}]},{\"@type\":\"BreadcrumbList\",\"@id\":\"https:\\\/\\\/www.metelko.org\\\/MM\\\/impressum\\\/#breadcrumb\",\"itemListElement\":[{\"@type\":\"ListItem\",\"position\":1,\"name\":\"Startseite\",\"item\":\"https:\\\/\\\/www.metelko.org\\\/MM\\\/\"},{\"@type\":\"ListItem\",\"position\":2,\"name\":\"Impressum\"}]},{\"@type\":\"WebSite\",\"@id\":\"https:\\\/\\\/www.metelko.org\\\/MM\\\/#website\",\"url\":\"https:\\\/\\\/www.metelko.org\\\/MM\\\/\",\"name\":\"Mike Metelko\",\"description\":\"Moderator - Speaker - Presenter\",\"publisher\":{\"@id\":\"https:\\\/\\\/www.metelko.org\\\/MM\\\/#organization\"},\"potentialAction\":[{\"@type\":\"SearchAction\",\"target\":{\"@type\":\"EntryPoint\",\"urlTemplate\":\"https:\\\/\\\/www.metelko.org\\\/MM\\\/?s={search_term_string}\"},\"query-input\":{\"@type\":\"PropertyValueSpecification\",\"valueRequired\":true,\"valueName\":\"search_term_string\"}}],\"inLanguage\":\"de\"},{\"@type\":\"Organization\",\"@id\":\"https:\\\/\\\/www.metelko.org\\\/MM\\\/#organization\",\"name\":\"Mike Metelko\",\"url\":\"https:\\\/\\\/www.metelko.org\\\/MM\\\/\",\"logo\":{\"@type\":\"ImageObject\",\"inLanguage\":\"de\",\"@id\":\"https:\\\/\\\/www.metelko.org\\\/MM\\\/#\\\/schema\\\/logo\\\/image\\\/\",\"url\":\"https:\\\/\\\/i0.wp.com\\\/www.metelko.org\\\/MM\\\/wp-content\\\/uploads\\\/2018\\\/03\\\/Mike-Metelko-1002.jpg?fit=2000%2C1280&ssl=1\",\"contentUrl\":\"https:\\\/\\\/i0.wp.com\\\/www.metelko.org\\\/MM\\\/wp-content\\\/uploads\\\/2018\\\/03\\\/Mike-Metelko-1002.jpg?fit=2000%2C1280&ssl=1\",\"width\":2000,\"height\":1280,\"caption\":\"Mike Metelko\"},\"image\":{\"@id\":\"https:\\\/\\\/www.metelko.org\\\/MM\\\/#\\\/schema\\\/logo\\\/image\\\/\"},\"sameAs\":[\"https:\\\/\\\/www.facebook.com\\\/MetelkoMike\\\/\",\"https:\\\/\\\/www.instagram.com\\\/mikemetelko\\\/\"]}]}<\/script>\n<!-- \/ Yoast SEO plugin. -->","yoast_head_json":{"title":"Impressum - Mike Metelko","robots":{"index":"index","follow":"follow","max-snippet":"max-snippet:-1","max-image-preview":"max-image-preview:large","max-video-preview":"max-video-preview:-1"},"canonical":"https:\/\/www.metelko.org\/MM\/impressum\/","og_locale":"de_DE","og_type":"article","og_title":"Impressum - Mike Metelko","og_description":"IMPRESSUM Verantwortlich: Michael Metelko Bergstrasse 3a A-6845 Hohenems mike@metelko.org Information bez\u00fcglich Copyright der Seiten\u00a0metelko.org Alle Informationen erfolgen nach bestem Wissen und Gewissen sowie aktuellem Kenntnisstand. F\u00fcr Fehler kann keine Haftung \u00fcbernommen werden. Wir weisen darauf hin, da\u00df das gesamte Informationsangebot laufend aktualisiert wird. Haftungshinweis: Trotz sorgf\u00e4ltiger inhaltlicher Kontrolle \u00fcbernehmen wir keine Haftung f\u00fcr die Inhalte [...]","og_url":"https:\/\/www.metelko.org\/MM\/impressum\/","og_site_name":"Mike Metelko","article_publisher":"https:\/\/www.facebook.com\/MetelkoMike\/","article_modified_time":"2018-06-04T16:10:24+00:00","twitter_card":"summary_large_image","twitter_misc":{"Gesch\u00e4tzte Lesezeit":"1\u00a0Minute"},"schema":{"@context":"https:\/\/schema.org","@graph":[{"@type":"WebPage","@id":"https:\/\/www.metelko.org\/MM\/impressum\/","url":"https:\/\/www.metelko.org\/MM\/impressum\/","name":"Impressum - Mike Metelko","isPartOf":{"@id":"https:\/\/www.metelko.org\/MM\/#website"},"datePublished":"2017-03-13T12:05:51+00:00","dateModified":"2018-06-04T16:10:24+00:00","breadcrumb":{"@id":"https:\/\/www.metelko.org\/MM\/impressum\/#breadcrumb"},"inLanguage":"de","potentialAction":[{"@type":"ReadAction","target":["https:\/\/www.metelko.org\/MM\/impressum\/"]}]},{"@type":"BreadcrumbList","@id":"https:\/\/www.metelko.org\/MM\/impressum\/#breadcrumb","itemListElement":[{"@type":"ListItem","position":1,"name":"Startseite","item":"https:\/\/www.metelko.org\/MM\/"},{"@type":"ListItem","position":2,"name":"Impressum"}]},{"@type":"WebSite","@id":"https:\/\/www.metelko.org\/MM\/#website","url":"https:\/\/www.metelko.org\/MM\/","name":"Mike Metelko","description":"Moderator - Speaker - Presenter","publisher":{"@id":"https:\/\/www.metelko.org\/MM\/#organization"},"potentialAction":[{"@type":"SearchAction","target":{"@type":"EntryPoint","urlTemplate":"https:\/\/www.metelko.org\/MM\/?s={search_term_string}"},"query-input":{"@type":"PropertyValueSpecification","valueRequired":true,"valueName":"search_term_string"}}],"inLanguage":"de"},{"@type":"Organization","@id":"https:\/\/www.metelko.org\/MM\/#organization","name":"Mike Metelko","url":"https:\/\/www.metelko.org\/MM\/","logo":{"@type":"ImageObject","inLanguage":"de","@id":"https:\/\/www.metelko.org\/MM\/#\/schema\/logo\/image\/","url":"https:\/\/i0.wp.com\/www.metelko.org\/MM\/wp-content\/uploads\/2018\/03\/Mike-Metelko-1002.jpg?fit=2000%2C1280&ssl=1","contentUrl":"https:\/\/i0.wp.com\/www.metelko.org\/MM\/wp-content\/uploads\/2018\/03\/Mike-Metelko-1002.jpg?fit=2000%2C1280&ssl=1","width":2000,"height":1280,"caption":"Mike Metelko"},"image":{"@id":"https:\/\/www.metelko.org\/MM\/#\/schema\/logo\/image\/"},"sameAs":["https:\/\/www.facebook.com\/MetelkoMike\/","https:\/\/www.instagram.com\/mikemetelko\/"]}]}},"jetpack_sharing_enabled":true,"jetpack_shortlink":"https:\/\/wp.me\/P7ZNi0-lx","_links":{"self":[{"href":"https:\/\/www.metelko.org\/MM\/wp-json\/wp\/v2\/pages\/1335","targetHints":{"allow":["GET"]}}],"collection":[{"href":"https:\/\/www.metelko.org\/MM\/wp-json\/wp\/v2\/pages"}],"about":[{"href":"https:\/\/www.metelko.org\/MM\/wp-json\/wp\/v2\/types\/page"}],"author":[{"embeddable":true,"href":"https:\/\/www.metelko.org\/MM\/wp-json\/wp\/v2\/users\/1"}],"replies":[{"embeddable":true,"href":"https:\/\/www.metelko.org\/MM\/wp-json\/wp\/v2\/comments?post=1335"}],"version-history":[{"count":3,"href":"https:\/\/www.metelko.org\/MM\/wp-json\/wp\/v2\/pages\/1335\/revisions"}],"predecessor-version":[{"id":1439,"href":"https:\/\/www.metelko.org\/MM\/wp-json\/wp\/v2\/pages\/1335\/revisions\/1439"}],"wp:attachment":[{"href":"https:\/\/www.metelko.org\/MM\/wp-json\/wp\/v2\/media?parent=1335"}],"curies":[{"name":"wp","href":"https:\/\/api.w.org\/{rel}","templated":true}]}}